{"id":17924,"date":"2022-05-13T17:59:04","date_gmt":"2022-05-13T17:59:04","guid":{"rendered":"https:\/\/leorde.com\/?page_id=17924"},"modified":"2025-11-09T17:55:37","modified_gmt":"2025-11-09T17:55:37","slug":"frenchise","status":"publish","type":"page","link":"https:\/\/leorde.com\/tr\/frenchise\/","title":{"rendered":"Frenchise"},"content":{"rendered":"<div data-elementor-type=\"wp-page\" data-elementor-id=\"17924\" class=\"elementor elementor-17924\">\n\t\t\t\t\t\t<section class=\"elementor-section elementor-top-section elementor-element elementor-element-b142d18 elementor-section-boxed elementor-section-height-default elementor-section-height-default sc_fly_static\" data-id=\"b142d18\" data-element_type=\"section\">\n\t\t\t\t\t\t<div class=\"elementor-container elementor-column-gap-extended\">\n\t\t\t\t\t<div class=\"elementor-column elementor-col-100 elementor-top-column elementor-element elementor-element-9942a21 sc_content_align_inherit sc_layouts_column_icons_position_left sc_fly_static\" data-id=\"9942a21\" data-element_type=\"column\">\n\t\t\t<div class=\"elementor-widget-wrap elementor-element-populated\">\n\t\t\t\t\t\t<div class=\"elementor-element elementor-element-fef41d5 sc_height_huge sc_fly_static elementor-widget elementor-widget-spacer\" data-id=\"fef41d5\" data-element_type=\"widget\" data-widget_type=\"spacer.default\">\n\t\t\t\t<div class=\"elementor-widget-container\">\n\t\t\t\t\t\t\t<div class=\"elementor-spacer\">\n\t\t\t<div class=\"elementor-spacer-inner\"><\/div>\n\t\t<\/div>\n\t\t\t\t\t\t<\/div>\n\t\t\t\t<\/div>\n\t\t\t\t<div class=\"elementor-element elementor-element-938e7c4 sc_fly_static elementor-widget elementor-widget-trx_sc_title\" data-id=\"938e7c4\" data-element_type=\"widget\" data-widget_type=\"trx_sc_title.default\">\n\t\t\t\t<div class=\"elementor-widget-container\">\n\t\t\t\t\t<div\t\tclass=\"sc_title sc_title_default\" ><span class=\"sc_item_subtitle sc_title_subtitle sc_align_center sc_item_subtitle_above sc_item_title_style_default\">Se\u00e7kin pazarlarda, Leorde l\u00fcks\u00fcn\u00fcn bir sonraki dura\u011f\u0131n\u0131 belirleyin.<\/span><h2 class=\"sc_item_title sc_title_title sc_align_center sc_item_title_style_default\"\n\t\t\t><span class=\"sc_item_title_text\">K\u0131y\u0131ya Vuran Enerji: Sizin B\u00f6lgenizde.<\/span><\/h2><div class=\"sc_item_descr sc_title_descr sc_align_center\"><p>Leorde, co\u011frafi s\u0131n\u0131rlardan ba\u011f\u0131ms\u0131z, ruhun en y\u00fcksek titre\u015fimini ta\u015f\u0131yan bir ortakl\u0131k davetidir.<\/p>\n<\/div><\/div>\t\t\t\t<\/div>\n\t\t\t\t<\/div>\n\t\t\t\t<div class=\"elementor-element elementor-element-eac52a8 sc_fly_static elementor-widget elementor-widget-spacer\" data-id=\"eac52a8\" data-element_type=\"widget\" data-widget_type=\"spacer.default\">\n\t\t\t\t<div class=\"elementor-widget-container\">\n\t\t\t\t\t\t\t<div class=\"elementor-spacer\">\n\t\t\t<div class=\"elementor-spacer-inner\"><\/div>\n\t\t<\/div>\n\t\t\t\t\t\t<\/div>\n\t\t\t\t<\/div>\n\t\t\t\t<div class=\"elementor-element elementor-element-ef2f7d2 sc_fly_static elementor-widget elementor-widget-trx_sc_title\" data-id=\"ef2f7d2\" data-element_type=\"widget\" data-widget_type=\"trx_sc_title.default\">\n\t\t\t\t<div class=\"elementor-widget-container\">\n\t\t\t\t\t<div\t\tclass=\"sc_title sc_title_default\" ><h2 class=\"sc_item_title sc_title_title sc_align_center sc_item_title_style_default\"\n\t\t\t><span class=\"sc_item_title_text\">Se\u00e7icilik ve Zarafet.<\/span><\/h2><div class=\"sc_item_descr sc_title_descr sc_align_center\"><p>Leorde, bir franchise zinciri de\u011fil, d\u00fcnyan\u0131n en ayr\u0131cal\u0131kl\u0131 pazarlar\u0131nda k\u00f6k salan l\u00fcks bir hareketin k\u00fcrat\u00f6rl\u00fc\u011f\u00fcd\u00fcr. Amac\u0131m\u0131z, Dubai, \u0130stanbul, Rotterdam, Bak\u00fc gibi k\u00fclt\u00fcrel zenginli\u011fin ve y\u00fcksek al\u0131m g\u00fcc\u00fcn\u00fcn bulu\u015ftu\u011fu stratejik noktalarda, markam\u0131z\u0131n saf enerjisini sunmakt\u0131r. Bu, sadece bir ticari anla\u015fma de\u011fil; b\u00f6lgenizin l\u00fcks perakende vizyonuna yeni bir s\u0131n\u0131f ve derinlik katma f\u0131rsat\u0131d\u0131r.<\/p>\n<\/div><\/div>\t\t\t\t<\/div>\n\t\t\t\t<\/div>\n\t\t\t\t<div class=\"elementor-element elementor-element-fb51273 sc_fly_static elementor-widget elementor-widget-spacer\" data-id=\"fb51273\" data-element_type=\"widget\" data-widget_type=\"spacer.default\">\n\t\t\t\t<div class=\"elementor-widget-container\">\n\t\t\t\t\t\t\t<div class=\"elementor-spacer\">\n\t\t\t<div class=\"elementor-spacer-inner\"><\/div>\n\t\t<\/div>\n\t\t\t\t\t\t<\/div>\n\t\t\t\t<\/div>\n\t\t\t\t<div class=\"elementor-element elementor-element-15a44a5 sc_fly_static elementor-widget elementor-widget-trx_sc_title\" data-id=\"15a44a5\" data-element_type=\"widget\" data-widget_type=\"trx_sc_title.default\">\n\t\t\t\t<div class=\"elementor-widget-container\">\n\t\t\t\t\t<div\t\tclass=\"sc_title sc_title_default\" ><h2 class=\"sc_item_title sc_title_title sc_align_center sc_item_title_style_default\"\n\t\t\t><span class=\"sc_item_title_text\">Minimalist Alan, Maksimum Etki.<\/span><\/h2><div class=\"sc_item_descr sc_title_descr sc_align_center\"><p>Leorde bayili\u011fi, karma\u015f\u0131k bir kurulum gerektirmez. Size \u00f6zel tasarlanan, minimalist, zarif ve yakla\u015f\u0131k 15 m\u00b2'lik alanlar, do\u011frudan Leorde felsefesiyle dekore edilir. Anahtar teslim konseptimiz, her bir ta\u015f\u0131n enerjisinin hissedilece\u011fi \u00f6zel sunum d\u00fczenleri ile kurulur. Yat\u0131r\u0131m\u0131n\u0131z, metrekareye de\u011fil, deneyim ve atmosferin kalitesine odaklan\u0131r.<\/p>\n<\/div><\/div>\t\t\t\t<\/div>\n\t\t\t\t<\/div>\n\t\t\t\t<div class=\"elementor-element elementor-element-2939b74 sc_fly_static elementor-widget elementor-widget-spacer\" data-id=\"2939b74\" data-element_type=\"widget\" data-widget_type=\"spacer.default\">\n\t\t\t\t<div class=\"elementor-widget-container\">\n\t\t\t\t\t\t\t<div class=\"elementor-spacer\">\n\t\t\t<div class=\"elementor-spacer-inner\"><\/div>\n\t\t<\/div>\n\t\t\t\t\t\t<\/div>\n\t\t\t\t<\/div>\n\t\t\t\t<div class=\"elementor-element elementor-element-ff01405 sc_fly_static elementor-widget elementor-widget-trx_sc_title\" data-id=\"ff01405\" data-element_type=\"widget\" data-widget_type=\"trx_sc_title.default\">\n\t\t\t\t<div class=\"elementor-widget-container\">\n\t\t\t\t\t<div\t\tclass=\"sc_title sc_title_default\" ><h2 class=\"sc_item_title sc_title_title sc_align_center sc_item_title_style_default\"\n\t\t\t><span class=\"sc_item_title_text\">K\u00fcrat\u00f6rl\u00fc Zenginlik: \u00d6zel Se\u00e7ki ve Titre\u015fim.<\/span><\/h2><div class=\"sc_item_descr sc_title_descr sc_align_center\"><p>Stoklar\u0131m\u0131z, rastgele se\u00e7ilmi\u015f ta\u015f y\u0131\u011f\u0131nlar\u0131ndan olu\u015fmaz. Orta\u011f\u0131m\u0131z olarak, size sadece b\u00f6lgenizin k\u00fclt\u00fcrel enerjisi ve talebi do\u011frultusunda belirlenmi\u015f, Leorde k\u00fcrat\u00f6rl\u00fc\u011f\u00fcndeki en de\u011ferli par\u00e7alar\u0131n \u00f6zel se\u00e7kisi sa\u011flan\u0131r. Her \u00fcr\u00fcn, markan\u0131n \"Enerji Washed Ashore\" felsefesini yans\u0131tan bir hikayeye sahiptir. Bu yakla\u015f\u0131m, s\u00fcrekli sat\u0131\u015f bask\u0131s\u0131n\u0131 ortadan kald\u0131rarak, m\u00fc\u015fterilerinizle duygusal ve g\u00fcvene dayal\u0131 bir ba\u011f kurman\u0131z\u0131 sa\u011flar.<\/p>\n<\/div><\/div>\t\t\t\t<\/div>\n\t\t\t\t<\/div>\n\t\t\t\t<div class=\"elementor-element elementor-element-35c2cf6 sc_fly_static elementor-widget elementor-widget-spacer\" data-id=\"35c2cf6\" data-element_type=\"widget\" data-widget_type=\"spacer.default\">\n\t\t\t\t<div class=\"elementor-widget-container\">\n\t\t\t\t\t\t\t<div class=\"elementor-spacer\">\n\t\t\t<div class=\"elementor-spacer-inner\"><\/div>\n\t\t<\/div>\n\t\t\t\t\t\t<\/div>\n\t\t\t\t<\/div>\n\t\t\t\t<div class=\"elementor-element elementor-element-df55c18 sc_fly_static elementor-widget elementor-widget-trx_sc_title\" data-id=\"df55c18\" data-element_type=\"widget\" data-widget_type=\"trx_sc_title.default\">\n\t\t\t\t<div class=\"elementor-widget-container\">\n\t\t\t\t\t<div\t\tclass=\"sc_title sc_title_default\" ><h2 class=\"sc_item_title sc_title_title sc_align_center sc_item_title_style_default\"\n\t\t\t><span class=\"sc_item_title_text\">Merkezden Gelen Destek, B\u00f6lgesel G\u00fc\u00e7.<\/span><\/h2><div class=\"sc_item_descr sc_title_descr sc_align_center\"><p>Leorde, g\u00fc\u00e7l\u00fc bir merkezden g\u00fc\u00e7 al\u0131r. Ba\u015far\u0131n\u0131z i\u00e7in gereken her \u015fey (\u00f6zel e\u011fitimler, g\u00f6rsel ma\u011fazac\u0131l\u0131k k\u0131lavuzlar\u0131, l\u00fcks ambalajlama ve marka ileti\u015fimi) size anahtar teslim sunulur. Siz, sadece bulundu\u011funuz b\u00f6lgenin k\u00fclt\u00fcrel enerjisine odaklan\u0131rs\u0131n\u0131z; Leorde, k\u00fcresel standartlar\u0131n ve \u00fcr\u00fcn kalitesinin s\u00fcreklili\u011fini sa\u011flar.<\/p>\n<\/div><\/div>\t\t\t\t<\/div>\n\t\t\t\t<\/div>\n\t\t\t\t<div class=\"elementor-element elementor-element-84af504 sc_fly_static elementor-widget elementor-widget-spacer\" data-id=\"84af504\" data-element_type=\"widget\" data-widget_type=\"spacer.default\">\n\t\t\t\t<div class=\"elementor-widget-container\">\n\t\t\t\t\t\t\t<div class=\"elementor-spacer\">\n\t\t\t<div class=\"elementor-spacer-inner\"><\/div>\n\t\t<\/div>\n\t\t\t\t\t\t<\/div>\n\t\t\t\t<\/div>\n\t\t\t\t\t<\/div>\n\t\t<\/div>\n\t\t\t\t\t<\/div>\n\t\t<\/section>\n\t\t\t\t<section class=\"elementor-section elementor-top-section elementor-element elementor-element-839716d elementor-section-boxed elementor-section-height-default elementor-section-height-default sc_fly_static\" data-id=\"839716d\" data-element_type=\"section\">\n\t\t\t\t\t\t<div class=\"elementor-container elementor-column-gap-extended\">\n\t\t\t\t\t<div class=\"elementor-column elementor-col-16 elementor-top-column elementor-element elementor-element-6139663 sc_content_align_inherit sc_layouts_column_icons_position_left sc_fly_static\" data-id=\"6139663\" data-element_type=\"column\">\n\t\t\t<div class=\"elementor-widget-wrap\">\n\t\t\t\t\t\t\t<\/div>\n\t\t<\/div>\n\t\t\t\t<div class=\"elementor-column elementor-col-66 elementor-top-column elementor-element elementor-element-d71bd63 sc_content_align_inherit sc_layouts_column_icons_position_left sc_fly_static\" data-id=\"d71bd63\" data-element_type=\"column\">\n\t\t\t<div class=\"elementor-widget-wrap elementor-element-populated\">\n\t\t\t\t\t\t<div class=\"elementor-element elementor-element-2d308b2 sc_fly_static elementor-widget elementor-widget-trx_sc_title\" data-id=\"2d308b2\" data-element_type=\"widget\" data-widget_type=\"trx_sc_title.default\">\n\t\t\t\t<div class=\"elementor-widget-container\">\n\t\t\t\t\t<div\t\tclass=\"sc_title sc_title_default\" ><h3 class=\"sc_item_title sc_title_title sc_align_center sc_item_title_style_default sc_item_title_tag\"\n\t\t\t><span class=\"sc_item_title_text\">Frenchise i\u00e7in Formu doldurun.<\/span><\/h3><\/div>\t\t\t\t<\/div>\n\t\t\t\t<\/div>\n\t\t\t\t<div class=\"elementor-element elementor-element-8c1f799 sc_height_small sc_fly_static elementor-widget elementor-widget-spacer\" data-id=\"8c1f799\" data-element_type=\"widget\" data-widget_type=\"spacer.default\">\n\t\t\t\t<div class=\"elementor-widget-container\">\n\t\t\t\t\t\t\t<div class=\"elementor-spacer\">\n\t\t\t<div class=\"elementor-spacer-inner\"><\/div>\n\t\t<\/div>\n\t\t\t\t\t\t<\/div>\n\t\t\t\t<\/div>\n\t\t\t\t<div class=\"elementor-element elementor-element-34b61f2 sc_fly_static elementor-widget elementor-widget-trx_sc_contact_form_7\" data-id=\"34b61f2\" data-element_type=\"widget\" data-widget_type=\"trx_sc_contact_form_7.default\">\n\t\t\t\t<div class=\"elementor-widget-container\">\n\t\t\t\t\t\n<div class=\"wpcf7 no-js\" id=\"wpcf7-f5-o1\" lang=\"en-US\" dir=\"ltr\" data-wpcf7-id=\"5\">\n<div class=\"screen-reader-response\"><p role=\"status\" aria-live=\"polite\" aria-atomic=\"true\"><\/p> <ul><\/ul><\/div>\n<form action=\"\/tr\/wp-json\/wp\/v2\/pages\/17924#wpcf7-f5-o1\" method=\"post\" class=\"wpcf7-form init\" aria-label=\"Contact form\" novalidate=\"novalidate\" data-status=\"init\" data-trp-original-action=\"\/tr\/wp-json\/wp\/v2\/pages\/17924#wpcf7-f5-o1\">\n<fieldset class=\"hidden-fields-container\"><input type=\"hidden\" name=\"_wpcf7\" value=\"5\" \/><input type=\"hidden\" name=\"_wpcf7_version\" value=\"6.1.4\" \/><input type=\"hidden\" name=\"_wpcf7_locale\" value=\"en_US\" \/><input type=\"hidden\" name=\"_wpcf7_unit_tag\" value=\"wpcf7-f5-o1\" \/><input type=\"hidden\" name=\"_wpcf7_container_post\" value=\"0\" \/><input type=\"hidden\" name=\"_wpcf7_posted_data_hash\" value=\"\" \/>\n<\/fieldset>\n<div class=\"form-style-1\">\n\t<div class=\"columns_wrap\">\n\t\t<div class=\"column-1_2\">\n\t\t\t<p><span class=\"style-line icon-name\"><span class=\"wpcf7-form-control-wrap\" data-name=\"your-name\"><input size=\"40\" maxlength=\"400\" class=\"wpcf7-form-control wpcf7-text wpcf7-validates-as-required\" aria-required=\"true\" aria-invalid=\"false\" placeholder=\"\u0130sim\" value=\"\" type=\"text\" name=\"your-name\" \/><\/span><\/span>\n\t\t\t<\/p>\n\t\t<\/div>\n\t\t<div class=\"column-1_2\">\n\t\t\t<p><span class=\"style-line icon-email\"><span class=\"wpcf7-form-control-wrap\" data-name=\"your-email\"><input size=\"40\" maxlength=\"400\" class=\"wpcf7-form-control wpcf7-email wpcf7-validates-as-required wpcf7-text wpcf7-validates-as-email\" aria-required=\"true\" aria-invalid=\"false\" placeholder=\"Email Adresi\" value=\"\" type=\"email\" name=\"your-email\" \/><\/span><\/span>\n\t\t\t<\/p>\n\t\t<\/div>\n\t<\/div>\n\t<div class=\"columns_wrap\">\n\t\t<div class=\"column-1_2\">\n\t\t\t<p><span class=\"style-line icon-phone\"><span class=\"wpcf7-form-control-wrap\" data-name=\"phone\"><input size=\"40\" maxlength=\"400\" class=\"wpcf7-form-control wpcf7-tel wpcf7-validates-as-required wpcf7-text wpcf7-validates-as-tel\" aria-required=\"true\" aria-invalid=\"false\" placeholder=\"Telefon\" value=\"\" type=\"tel\" name=\"phone\" \/><\/span><\/span>\n\t\t\t<\/p>\n\t\t<\/div>\n\t\t<div class=\"column-1_2\">\n\t\t\t<p><span class=\"style-line icon-subject\"><span class=\"wpcf7-form-control-wrap\" data-name=\"subject\"><input size=\"40\" maxlength=\"400\" class=\"wpcf7-form-control wpcf7-text wpcf7-validates-as-required\" aria-required=\"true\" aria-invalid=\"false\" placeholder=\"Konu\" value=\"\" type=\"text\" name=\"subject\" \/><\/span><\/span>\n\t\t\t<\/p>\n\t\t<\/div>\n\t<\/div>\n\t<div class=\"columns_wrap margin-bottom\">\n\t\t<div class=\"column-1_1\">\n\t\t\t<p><span class=\"style-line icon-textarea\"><span class=\"wpcf7-form-control-wrap\" data-name=\"your-message\"><textarea cols=\"40\" rows=\"10\" maxlength=\"2000\" class=\"wpcf7-form-control wpcf7-textarea wpcf7-validates-as-required\" aria-required=\"true\" aria-invalid=\"false\" placeholder=\"Nas\u0131l yard\u0131mc\u0131 olabiliriz?\" name=\"your-message\"><\/textarea><\/span><\/span>\n\t\t\t<\/p>\n\t\t<\/div>\n\t<\/div>\n\t<p><input class=\"wpcf7-form-control wpcf7-submit has-spinner\" type=\"submit\" value=\"G\u00f6nder\" \/><span class=\"wpcf7-form-control-wrap\" data-name=\"acceptance\"><span class=\"wpcf7-form-control wpcf7-acceptance\"><span class=\"wpcf7-list-item\"><label><input type=\"checkbox\" name=\"acceptance\" value=\"1\" aria-invalid=\"false\" \/><span class=\"wpcf7-list-item-label\">Bilgilerimin Payla\u015f\u0131lmas\u0131na <a href=\"\/tr\/privacy-policy\/\">izin veriyorum<\/a>.<\/span><\/label><\/span><\/span><\/span>\n\t<\/p>\n<\/div><div class=\"wpcf7-response-output\" aria-hidden=\"true\"><\/div>\n<input type=\"hidden\" name=\"trp-form-language\" value=\"tr\"\/><\/form>\n<\/div>\n\t\t\t\t<\/div>\n\t\t\t\t<\/div>\n\t\t\t\t\t<\/div>\n\t\t<\/div>\n\t\t\t\t<div class=\"elementor-column elementor-col-16 elementor-top-column elementor-element elementor-element-c4ae89a sc_content_align_inherit sc_layouts_column_icons_position_left sc_fly_static\" data-id=\"c4ae89a\" data-element_type=\"column\">\n\t\t\t<div class=\"elementor-widget-wrap\">\n\t\t\t\t\t\t\t<\/div>\n\t\t<\/div>\n\t\t\t\t\t<\/div>\n\t\t<\/section>\n\t\t\t\t<section class=\"elementor-section elementor-top-section elementor-element elementor-element-381b06b elementor-section-boxed elementor-section-height-default elementor-section-height-default sc_fly_static\" data-id=\"381b06b\" data-element_type=\"section\">\n\t\t\t\t\t\t<div class=\"elementor-container elementor-column-gap-extended\">\n\t\t\t\t\t<div class=\"elementor-column elementor-col-100 elementor-top-column elementor-element elementor-element-1a02935 sc_content_align_inherit sc_layouts_column_icons_position_left sc_fly_static\" data-id=\"1a02935\" data-element_type=\"column\">\n\t\t\t<div class=\"elementor-widget-wrap elementor-element-populated\">\n\t\t\t\t\t\t<div class=\"elementor-element elementor-element-4f6360d sc_height_huge sc_fly_static elementor-widget elementor-widget-spacer\" data-id=\"4f6360d\" data-element_type=\"widget\" data-widget_type=\"spacer.default\">\n\t\t\t\t<div class=\"elementor-widget-container\">\n\t\t\t\t\t\t\t<div class=\"elementor-spacer\">\n\t\t\t<div class=\"elementor-spacer-inner\"><\/div>\n\t\t<\/div>\n\t\t\t\t\t\t<\/div>\n\t\t\t\t<\/div>\n\t\t\t\t\t<\/div>\n\t\t<\/div>\n\t\t\t\t\t<\/div>\n\t\t<\/section>\n\t\t\t\t<section class=\"elementor-section elementor-top-section elementor-element elementor-element-4da8477 scheme_dark elementor-section-content-middle elementor-reverse-mobile elementor-section-boxed elementor-section-height-default elementor-section-height-default sc_fly_static\" data-id=\"4da8477\" data-element_type=\"section\" data-settings=\"{&quot;background_background&quot;:&quot;classic&quot;}\">\n\t\t\t\t\t\t\t<div class=\"elementor-background-overlay\"><\/div>\n\t\t\t\t\t\t\t<div class=\"elementor-container elementor-column-gap-default\">\n\t\t\t\t\t<div class=\"elementor-column elementor-col-100 elementor-top-column elementor-element elementor-element-7e346f9 sc_content_align_inherit sc_layouts_column_icons_position_left sc_fly_static\" data-id=\"7e346f9\" data-element_type=\"column\">\n\t\t\t<div class=\"elementor-widget-wrap elementor-element-populated\">\n\t\t\t\t\t\t<div class=\"elementor-element elementor-element-9466b74 sc_layouts_hide_on_mobile sc_layouts_hide_on_notebook sc_layouts_hide_on_tablet sc_fly_static elementor-widget elementor-widget-spacer\" data-id=\"9466b74\" data-element_type=\"widget\" data-widget_type=\"spacer.default\">\n\t\t\t\t<div class=\"elementor-widget-container\">\n\t\t\t\t\t\t\t<div class=\"elementor-spacer\">\n\t\t\t<div class=\"elementor-spacer-inner\"><\/div>\n\t\t<\/div>\n\t\t\t\t\t\t<\/div>\n\t\t\t\t<\/div>\n\t\t\t\t<div class=\"elementor-element elementor-element-5c77eb6 sc_height_huge sc_fly_static elementor-widget elementor-widget-spacer\" data-id=\"5c77eb6\" data-element_type=\"widget\" data-widget_type=\"spacer.default\">\n\t\t\t\t<div class=\"elementor-widget-container\">\n\t\t\t\t\t\t\t<div class=\"elementor-spacer\">\n\t\t\t<div class=\"elementor-spacer-inner\"><\/div>\n\t\t<\/div>\n\t\t\t\t\t\t<\/div>\n\t\t\t\t<\/div>\n\t\t\t\t<div class=\"elementor-element elementor-element-86abca9 sc_height_large sc_layouts_hide_on_tablet sc_layouts_hide_on_mobile sc_fly_static elementor-widget elementor-widget-spacer\" data-id=\"86abca9\" data-element_type=\"widget\" data-widget_type=\"spacer.default\">\n\t\t\t\t<div class=\"elementor-widget-container\">\n\t\t\t\t\t\t\t<div class=\"elementor-spacer\">\n\t\t\t<div class=\"elementor-spacer-inner\"><\/div>\n\t\t<\/div>\n\t\t\t\t\t\t<\/div>\n\t\t\t\t<\/div>\n\t\t\t\t<div class=\"elementor-element elementor-element-f7932e5 scheme_dark sc_fly_static elementor-widget elementor-widget-trx_sc_title\" data-id=\"f7932e5\" data-element_type=\"widget\" data-widget_type=\"trx_sc_title.default\">\n\t\t\t\t<div class=\"elementor-widget-container\">\n\t\t\t\t\t<div\t\tclass=\"sc_title color_style_dark scheme_dark sc_title_default\" ><h1 class=\"sc_item_title sc_title_title sc_align_center sc_item_title_style_default sc_item_title_tag\"\n\t\t\t><span class=\"sc_item_title_text\">0'dan Zirveye Frenchise avantajlar\u0131 i\u00e7in \u00fccretsiz dan\u0131\u015fmanl\u0131k al\u0131n.<\/span><\/h1><div\tclass=\"sc_item_button sc_button_wrap sc_align_center sc_item_button sc_item_button_bordered sc_item_button_size_normal sc_title_button\"><a href=\"https:\/\/leorde.com\/tr\/iletisim\/\" class=\"sc_button sc_button_bordered sc_button_size_normal sc_button_icon_left\"><span class=\"sc_button_text\"><span class=\"sc_button_title\">M\u00fc\u015fteri Hizmetleri<\/span><\/span><\/a><\/div><\/div>\t\t\t\t<\/div>\n\t\t\t\t<\/div>\n\t\t\t\t<div class=\"elementor-element elementor-element-4929b07 sc_height_huge sc_fly_static elementor-widget elementor-widget-spacer\" data-id=\"4929b07\" data-element_type=\"widget\" data-widget_type=\"spacer.default\">\n\t\t\t\t<div class=\"elementor-widget-container\">\n\t\t\t\t\t\t\t<div class=\"elementor-spacer\">\n\t\t\t<div class=\"elementor-spacer-inner\"><\/div>\n\t\t<\/div>\n\t\t\t\t\t\t<\/div>\n\t\t\t\t<\/div>\n\t\t\t\t<div class=\"elementor-element elementor-element-c09ce0f sc_height_large sc_layouts_hide_on_tablet sc_layouts_hide_on_mobile sc_fly_static elementor-widget elementor-widget-spacer\" data-id=\"c09ce0f\" data-element_type=\"widget\" data-widget_type=\"spacer.default\">\n\t\t\t\t<div class=\"elementor-widget-container\">\n\t\t\t\t\t\t\t<div class=\"elementor-spacer\">\n\t\t\t<div class=\"elementor-spacer-inner\"><\/div>\n\t\t<\/div>\n\t\t\t\t\t\t<\/div>\n\t\t\t\t<\/div>\n\t\t\t\t<div class=\"elementor-element elementor-element-aaaedc4 sc_layouts_hide_on_mobile sc_layouts_hide_on_notebook sc_layouts_hide_on_tablet sc_fly_static elementor-widget elementor-widget-spacer\" data-id=\"aaaedc4\" data-element_type=\"widget\" data-widget_type=\"spacer.default\">\n\t\t\t\t<div class=\"elementor-widget-container\">\n\t\t\t\t\t\t\t<div class=\"elementor-spacer\">\n\t\t\t<div class=\"elementor-spacer-inner\"><\/div>\n\t\t<\/div>\n\t\t\t\t\t\t<\/div>\n\t\t\t\t<\/div>\n\t\t\t\t\t<\/div>\n\t\t<\/div>\n\t\t\t\t\t<\/div>\n\t\t<\/section>\n\t\t\t\t<\/div>","protected":false},"excerpt":{"rendered":"<p>Se\u00e7kin pazarlarda, Leorde l\u00fcks\u00fcn\u00fcn bir sonraki dura\u011f\u0131n\u0131 belirleyin. K\u0131y\u0131ya Vuran Enerji: Sizin B\u00f6lgenizde. Leorde, co\u011frafi s\u0131n\u0131rlardan ba\u011f\u0131ms\u0131z, ruhun en y\u00fcksek titre\u015fimini ta\u015f\u0131yan bir ortakl\u0131k davetidir. Se\u00e7icilik ve Zarafet. Leorde, bir&hellip;<\/p>","protected":false},"author":1,"featured_media":0,"parent":0,"menu_order":0,"comment_status":"closed","ping_status":"closed","template":"","meta":{"footnotes":""},"class_list":["post-17924","page","type-page","status-publish","hentry"],"_hostinger_reach_plugin_has_subscription_block":false,"_hostinger_reach_plugin_is_elementor":false,"_links":{"self":[{"href":"https:\/\/leorde.com\/tr\/wp-json\/wp\/v2\/pages\/17924","targetHints":{"allow":["GET"]}}],"collection":[{"href":"https:\/\/leorde.com\/tr\/wp-json\/wp\/v2\/pages"}],"about":[{"href":"https:\/\/leorde.com\/tr\/wp-json\/wp\/v2\/types\/page"}],"author":[{"embeddable":true,"href":"https:\/\/leorde.com\/tr\/wp-json\/wp\/v2\/users\/1"}],"replies":[{"embeddable":true,"href":"https:\/\/leorde.com\/tr\/wp-json\/wp\/v2\/comments?post=17924"}],"version-history":[{"count":19,"href":"https:\/\/leorde.com\/tr\/wp-json\/wp\/v2\/pages\/17924\/revisions"}],"predecessor-version":[{"id":21339,"href":"https:\/\/leorde.com\/tr\/wp-json\/wp\/v2\/pages\/17924\/revisions\/21339"}],"wp:attachment":[{"href":"https:\/\/leorde.com\/tr\/wp-json\/wp\/v2\/media?parent=17924"}],"curies":[{"name":"wp","href":"https:\/\/api.w.org\/{rel}","templated":true}]}}