{"id":17932,"date":"2022-05-13T18:01:42","date_gmt":"2022-05-13T18:01:42","guid":{"rendered":"https:\/\/leorde.com\/?page_id=17932"},"modified":"2025-11-16T07:58:51","modified_gmt":"2025-11-16T07:58:51","slug":"sss","status":"publish","type":"page","link":"https:\/\/leorde.com\/tr\/sss\/","title":{"rendered":"S.S.S."},"content":{"rendered":"<div data-elementor-type=\"wp-page\" data-elementor-id=\"17932\" class=\"elementor elementor-17932\">\n\t\t\t\t\t\t<section class=\"elementor-section elementor-top-section elementor-element elementor-element-73836c4 elementor-section-boxed elementor-section-height-default elementor-section-height-default sc_fly_static\" data-id=\"73836c4\" data-element_type=\"section\" data-settings=\"{&quot;background_background&quot;:&quot;classic&quot;}\">\n\t\t\t\t\t\t<div class=\"elementor-container elementor-column-gap-extended\">\n\t\t\t\t\t<div class=\"elementor-column elementor-col-100 elementor-top-column elementor-element elementor-element-e99ebe2 sc_content_align_inherit sc_layouts_column_icons_position_left sc_fly_static\" data-id=\"e99ebe2\" data-element_type=\"column\">\n\t\t\t<div class=\"elementor-widget-wrap elementor-element-populated\">\n\t\t\t\t\t\t<div class=\"elementor-element elementor-element-0fad48c sc_height_huge sc_fly_static elementor-widget elementor-widget-spacer\" data-id=\"0fad48c\" data-element_type=\"widget\" data-widget_type=\"spacer.default\">\n\t\t\t\t<div class=\"elementor-widget-container\">\n\t\t\t\t\t\t\t<div class=\"elementor-spacer\">\n\t\t\t<div class=\"elementor-spacer-inner\"><\/div>\n\t\t<\/div>\n\t\t\t\t\t\t<\/div>\n\t\t\t\t<\/div>\n\t\t\t\t\t<\/div>\n\t\t<\/div>\n\t\t\t\t\t<\/div>\n\t\t<\/section>\n\t\t\t\t<section class=\"elementor-section elementor-top-section elementor-element elementor-element-3612506a elementor-section-boxed elementor-section-height-default elementor-section-height-default sc_fly_static\" data-id=\"3612506a\" data-element_type=\"section\" data-settings=\"{&quot;background_background&quot;:&quot;classic&quot;}\">\n\t\t\t\t\t\t<div class=\"elementor-container elementor-column-gap-extended\">\n\t\t\t\t\t<div class=\"elementor-column elementor-col-50 elementor-top-column elementor-element elementor-element-742dd1e sc_content_align_inherit sc_layouts_column_icons_position_left sc_fly_static\" data-id=\"742dd1e\" data-element_type=\"column\">\n\t\t\t<div class=\"elementor-widget-wrap elementor-element-populated\">\n\t\t\t\t\t\t<div class=\"elementor-element elementor-element-76c8940 sc_fly_static elementor-widget elementor-widget-image\" data-id=\"76c8940\" data-element_type=\"widget\" data-widget_type=\"image.default\">\n\t\t\t\t<div class=\"elementor-widget-container\">\n\t\t\t\t\t\t\t\t\t\t\t\t\t\t\t<img fetchpriority=\"high\" decoding=\"async\" width=\"323\" height=\"324\" src=\"https:\/\/leorde.com\/wp-content\/uploads\/2025\/11\/leorde-icon.png\" class=\"attachment-large size-large wp-image-21015\" alt=\"\" srcset=\"https:\/\/leorde.com\/wp-content\/uploads\/2025\/11\/leorde-icon.png 323w, https:\/\/leorde.com\/wp-content\/uploads\/2025\/11\/leorde-icon-300x300.png 300w, https:\/\/leorde.com\/wp-content\/uploads\/2025\/11\/leorde-icon-150x150.png 150w, https:\/\/leorde.com\/wp-content\/uploads\/2025\/11\/leorde-icon-120x120.png 120w\" sizes=\"(max-width: 600px) 100vw, 323px\" \/>\t\t\t\t\t\t\t\t\t\t\t\t\t\t\t<\/div>\n\t\t\t\t<\/div>\n\t\t\t\t<div class=\"elementor-element elementor-element-bb9e829 sc_fly_static elementor-widget elementor-widget-trx_sc_title\" data-id=\"bb9e829\" data-element_type=\"widget\" data-widget_type=\"trx_sc_title.default\">\n\t\t\t\t<div class=\"elementor-widget-container\">\n\t\t\t\t\t<div\t\tclass=\"sc_title sc_title_default\" ><h2 class=\"sc_item_title sc_title_title sc_item_title_style_default sc_item_title_tag\"\n\t\t\t><span class=\"sc_item_title_text\">Enerjiye Dair Bilmeniz Gereken Her \u015eey.<\/span><\/h2><div class=\"sc_item_descr sc_title_descr\"><p>Leorde'de, sadece aksesuar de\u011fil, g\u00fcvence ve \u015feffafl\u0131k sunuyoruz. Enerjinin kayna\u011f\u0131, zanaat\u0131n inceli\u011fi ve iade s\u00fcre\u00e7lerinizin zarafeti hakk\u0131nda merak ettiklerinizi burada bulabilirsiniz.<\/p>\n<\/div><\/div>\t\t\t\t<\/div>\n\t\t\t\t<\/div>\n\t\t\t\t<div class=\"elementor-element elementor-element-33fb0276 sc_height_small sc_fly_static elementor-widget elementor-widget-spacer\" data-id=\"33fb0276\" data-element_type=\"widget\" data-widget_type=\"spacer.default\">\n\t\t\t\t<div class=\"elementor-widget-container\">\n\t\t\t\t\t\t\t<div class=\"elementor-spacer\">\n\t\t\t<div class=\"elementor-spacer-inner\"><\/div>\n\t\t<\/div>\n\t\t\t\t\t\t<\/div>\n\t\t\t\t<\/div>\n\t\t\t\t<div class=\"elementor-element elementor-element-4eb44a88 sc_fly_static elementor-widget elementor-widget-trx_sc_button\" data-id=\"4eb44a88\" data-element_type=\"widget\" data-widget_type=\"trx_sc_button.default\">\n\t\t\t\t<div class=\"elementor-widget-container\">\n\t\t\t\t\t<div\tclass=\"sc_item_button sc_button_wrap\" ><a href=\"tel:+905334770443\" class=\"sc_button sc_button_simple button_bg_icon_color sc_button_size_normal sc_button_with_icon sc_button_icon_left color_style_dark\" ><span class=\"sc_button_icon\"><span class=\"icon-call\"><\/span><\/span><span class=\"sc_button_text\"><span class=\"sc_button_title\">+90 (533) 477 04 43<\/span><\/span><\/a><\/div>\t\t\t\t<\/div>\n\t\t\t\t<\/div>\n\t\t\t\t\t<\/div>\n\t\t<\/div>\n\t\t\t\t<div class=\"elementor-column elementor-col-50 elementor-top-column elementor-element elementor-element-5b1eca11 sc_content_align_inherit sc_layouts_column_icons_position_left sc_fly_static\" data-id=\"5b1eca11\" data-element_type=\"column\">\n\t\t\t<div class=\"elementor-widget-wrap elementor-element-populated\">\n\t\t\t\t\t\t<div class=\"elementor-element elementor-element-6ebfca3 sc_fly_static elementor-widget elementor-widget-toggle\" data-id=\"6ebfca3\" data-element_type=\"widget\" data-widget_type=\"toggle.default\">\n\t\t\t\t<div class=\"elementor-widget-container\">\n\t\t\t\t\t\t\t<div class=\"elementor-toggle\">\n\t\t\t\t\t\t\t<div class=\"elementor-toggle-item\">\n\t\t\t\t\t<h5 id=\"elementor-tab-title-1161\" class=\"elementor-tab-title\" data-tab=\"1\" role=\"button\" aria-controls=\"elementor-tab-content-1161\" aria-expanded=\"false\">\n\t\t\t\t\t\t\t\t\t\t\t\t<span class=\"elementor-toggle-icon elementor-toggle-icon-right\" aria-hidden=\"true\">\n\t\t\t\t\t\t\t\t\t\t\t\t\t\t\t<span class=\"elementor-toggle-icon-closed\"><i class=\"fas fa-plus\"><\/i><\/span>\n\t\t\t\t\t\t\t\t<span class=\"elementor-toggle-icon-opened\"><i class=\"elementor-toggle-icon-opened fas fa-minus\"><\/i><\/span>\n\t\t\t\t\t\t\t\t\t\t\t\t\t<\/span>\n\t\t\t\t\t\t\t\t\t\t\t\t<a class=\"elementor-toggle-title\" tabindex=\"0\">Leorde'deki ta\u015flar\u0131n orijinal ve enerji seviyesinin y\u00fcksek oldu\u011funu nas\u0131l garanti ediyorsunuz?<\/a>\n\t\t\t\t\t<\/h5>\n\n\t\t\t\t\t<div id=\"elementor-tab-content-1161\" class=\"elementor-tab-content elementor-clearfix\" data-tab=\"1\" role=\"region\" aria-labelledby=\"elementor-tab-title-1161\"><p><b>Titre\u015fimin Kayna\u011f\u0131.<\/b> Koleksiyonumuzdaki her bir mineralin orijinalli\u011fi, <b>etik ve sertifikal\u0131 tedarik\u00e7ilerle<\/b> \u00e7al\u0131\u015f\u0131larak sa\u011flan\u0131r. Biz sadece esteti\u011fe de\u011fil, <i>ta\u015f\u0131n frekans\u0131na<\/i> odaklan\u0131yoruz. Her \u00fcr\u00fcn\u00fcn enerji seviyesi, uzman k\u00fcrat\u00f6rlerimiz taraf\u0131ndan incelenir ve bu, size <b>%100 saf ve do\u011fal enerji<\/b> vaadimizdir.<\/p><\/div>\n\t\t\t\t<\/div>\n\t\t\t\t\t\t\t<div class=\"elementor-toggle-item\">\n\t\t\t\t\t<h5 id=\"elementor-tab-title-1162\" class=\"elementor-tab-title\" data-tab=\"2\" role=\"button\" aria-controls=\"elementor-tab-content-1162\" aria-expanded=\"false\">\n\t\t\t\t\t\t\t\t\t\t\t\t<span class=\"elementor-toggle-icon elementor-toggle-icon-right\" aria-hidden=\"true\">\n\t\t\t\t\t\t\t\t\t\t\t\t\t\t\t<span class=\"elementor-toggle-icon-closed\"><i class=\"fas fa-plus\"><\/i><\/span>\n\t\t\t\t\t\t\t\t<span class=\"elementor-toggle-icon-opened\"><i class=\"elementor-toggle-icon-opened fas fa-minus\"><\/i><\/span>\n\t\t\t\t\t\t\t\t\t\t\t\t\t<\/span>\n\t\t\t\t\t\t\t\t\t\t\t\t<a class=\"elementor-toggle-title\" tabindex=\"0\">L\u00fcks bir marka olarak, kargo ve paketleme s\u00fcrecinize dair \u00f6zel yakla\u015f\u0131m\u0131n\u0131z nedir?<\/a>\n\t\t\t\t\t<\/h5>\n\n\t\t\t\t\t<div id=\"elementor-tab-content-1162\" class=\"elementor-tab-content elementor-clearfix\" data-tab=\"2\" role=\"region\" aria-labelledby=\"elementor-tab-title-1162\"><p><b>Aura&#8217;ya \u00d6zel Rit\u00fcel.<\/b> Bizim i\u00e7in teslimat, bir al\u0131\u015fveri\u015fin sonu de\u011fil, <b>Rit\u00fcel&#8217;in ba\u015flang\u0131c\u0131d\u0131r.<\/b> Her Leorde par\u00e7as\u0131, ta\u015f\u0131n enerjisini korumak \u00fczere \u00f6zel, l\u00fcks ve \u00e7evreye duyarl\u0131 malzemelerle, darbelere kar\u015f\u0131 ekstra \u00f6zen g\u00f6sterilerek paketlenir. <b>Zarafet ve g\u00fcvenlik<\/b>, \u00fcr\u00fcn\u00fcn\u00fcz size ula\u015fana kadar kesintisiz devam eder.<\/p><\/div>\n\t\t\t\t<\/div>\n\t\t\t\t\t\t\t<div class=\"elementor-toggle-item\">\n\t\t\t\t\t<h5 id=\"elementor-tab-title-1163\" class=\"elementor-tab-title\" data-tab=\"3\" role=\"button\" aria-controls=\"elementor-tab-content-1163\" aria-expanded=\"false\">\n\t\t\t\t\t\t\t\t\t\t\t\t<span class=\"elementor-toggle-icon elementor-toggle-icon-right\" aria-hidden=\"true\">\n\t\t\t\t\t\t\t\t\t\t\t\t\t\t\t<span class=\"elementor-toggle-icon-closed\"><i class=\"fas fa-plus\"><\/i><\/span>\n\t\t\t\t\t\t\t\t<span class=\"elementor-toggle-icon-opened\"><i class=\"elementor-toggle-icon-opened fas fa-minus\"><\/i><\/span>\n\t\t\t\t\t\t\t\t\t\t\t\t\t<\/span>\n\t\t\t\t\t\t\t\t\t\t\t\t<a class=\"elementor-toggle-title\" tabindex=\"0\">Leorde \u00fcr\u00fcnleri nerede ve nas\u0131l \u00fcretiliyor? \u00dcretim s\u00fcrecinizdeki fark nedir?<\/a>\n\t\t\t\t\t<\/h5>\n\n\t\t\t\t\t<div id=\"elementor-tab-content-1163\" class=\"elementor-tab-content elementor-clearfix\" data-tab=\"3\" role=\"region\" aria-labelledby=\"elementor-tab-title-1163\"><p><b>M\u00fckemmeliyet\u00e7i Zanaat.<\/b> \u00dcr\u00fcnlerimiz, geleneksel el i\u015f\u00e7ili\u011fi ve modern minimalist tasar\u0131m ilkeleriyle \u00f6zel at\u00f6lyelerde hayat bulur. Seri \u00fcretimden ka\u00e7\u0131n\u0131yor; her par\u00e7an\u0131n, \u00fczerinizde ta\u015f\u0131yaca\u011f\u0131n\u0131z enerjiyi yans\u0131tmas\u0131 i\u00e7in <b>sanatsal bir \u00f6zenle<\/b> tamamlanmas\u0131n\u0131 sa\u011fl\u0131yoruz. Odak noktam\u0131z, <i>tasar\u0131mdaki kusursuz denge<\/i> ve <i>ta\u015f\u0131n do\u011fal formuyla<\/i> uyumdur.<\/p><\/div>\n\t\t\t\t<\/div>\n\t\t\t\t\t\t\t<div class=\"elementor-toggle-item\">\n\t\t\t\t\t<h5 id=\"elementor-tab-title-1164\" class=\"elementor-tab-title\" data-tab=\"4\" role=\"button\" aria-controls=\"elementor-tab-content-1164\" aria-expanded=\"false\">\n\t\t\t\t\t\t\t\t\t\t\t\t<span class=\"elementor-toggle-icon elementor-toggle-icon-right\" aria-hidden=\"true\">\n\t\t\t\t\t\t\t\t\t\t\t\t\t\t\t<span class=\"elementor-toggle-icon-closed\"><i class=\"fas fa-plus\"><\/i><\/span>\n\t\t\t\t\t\t\t\t<span class=\"elementor-toggle-icon-opened\"><i class=\"elementor-toggle-icon-opened fas fa-minus\"><\/i><\/span>\n\t\t\t\t\t\t\t\t\t\t\t\t\t<\/span>\n\t\t\t\t\t\t\t\t\t\t\t\t<a class=\"elementor-toggle-title\" tabindex=\"0\">Sat\u0131n ald\u0131\u011f\u0131m \u00fcr\u00fcn\u00fc iade etmek istersem s\u00fcre\u00e7 nas\u0131l i\u015fliyor? Politikan\u0131z\u0131n detaylar\u0131 nelerdir?<\/a>\n\t\t\t\t\t<\/h5>\n\n\t\t\t\t\t<div id=\"elementor-tab-content-1164\" class=\"elementor-tab-content elementor-clearfix\" data-tab=\"4\" role=\"region\" aria-labelledby=\"elementor-tab-title-1164\"><p><b>G\u00fcveninizin \u0130adesi.<\/b> Memnuniyetiniz, markam\u0131z\u0131n temel felsefesidir. \u00dcr\u00fcn\u00fcn\u00fcz, teslim ald\u0131\u011f\u0131n\u0131z andaki <b>yeni ve kullan\u0131lmam\u0131\u015f haliyle<\/b>, \u00f6zel Leorde paketinde oldu\u011fu s\u00fcrece, [Belirtilen G\u00fcn Say\u0131s\u0131] i\u00e7erisinde iade talebinde bulunabilirsiniz. \u0130ade s\u00fcre\u00e7lerimiz, markam\u0131z\u0131n zarafetine uygun olarak, <b>h\u0131zl\u0131, \u015feffaf ve sayg\u0131l\u0131<\/b> bir \u015fekilde y\u00f6netilir.<\/p><\/div>\n\t\t\t\t<\/div>\n\t\t\t\t\t\t\t\t<\/div>\n\t\t\t\t\t\t<\/div>\n\t\t\t\t<\/div>\n\t\t\t\t\t<\/div>\n\t\t<\/div>\n\t\t\t\t\t<\/div>\n\t\t<\/section>\n\t\t\t\t<section class=\"elementor-section elementor-top-section elementor-element elementor-element-c818d06 elementor-section-boxed elementor-section-height-default elementor-section-height-default sc_fly_static\" data-id=\"c818d06\" data-element_type=\"section\" data-settings=\"{&quot;background_background&quot;:&quot;classic&quot;}\">\n\t\t\t\t\t\t<div class=\"elementor-container elementor-column-gap-extended\">\n\t\t\t\t\t<div class=\"elementor-column elementor-col-100 elementor-top-column elementor-element elementor-element-d3ad570 sc_content_align_inherit sc_layouts_column_icons_position_left sc_fly_static\" data-id=\"d3ad570\" data-element_type=\"column\">\n\t\t\t<div class=\"elementor-widget-wrap elementor-element-populated\">\n\t\t\t\t\t\t<div class=\"elementor-element elementor-element-ad15d76 sc_height_huge sc_fly_static elementor-widget elementor-widget-spacer\" data-id=\"ad15d76\" data-element_type=\"widget\" data-widget_type=\"spacer.default\">\n\t\t\t\t<div class=\"elementor-widget-container\">\n\t\t\t\t\t\t\t<div class=\"elementor-spacer\">\n\t\t\t<div class=\"elementor-spacer-inner\"><\/div>\n\t\t<\/div>\n\t\t\t\t\t\t<\/div>\n\t\t\t\t<\/div>\n\t\t\t\t\t<\/div>\n\t\t<\/div>\n\t\t\t\t\t<\/div>\n\t\t<\/section>\n\t\t\t\t<section data-mouse-helper=\"hover\" data-mouse-helper-hide-helper=\"0\" data-mouse-helper-centered=\"1\" data-mouse-helper-magnet=\"0\" data-mouse-helper-color=\"\" data-mouse-helper-bg-color=\"#FF5B4A\" data-mouse-helper-bd-color=\"\" data-mouse-helper-bd-width=\"-1\" data-mouse-helper-mode=\"multiply\" data-mouse-helper-axis=\"xy\" data-mouse-helper-delay=\"0\" data-mouse-helper-text=\"\" data-mouse-helper-text-size=\"\" data-mouse-helper-text-round=\"0\" data-mouse-helper-icon=\"\" data-mouse-helper-icon-size=\"\" data-mouse-helper-icon-color=\"\" data-mouse-helper-image=\"\" data-mouse-helper-layout=\"\" data-mouse-helper-class=\"\" data-mouse-helper-callback=\"\" data-mouse-helper-hide-cursor=\"1\" class=\"elementor-section elementor-top-section elementor-element elementor-element-93f497f scheme_dark elementor-section-boxed elementor-section-height-default elementor-section-height-default sc_fly_static\" data-id=\"93f497f\" data-element_type=\"section\" data-settings=\"{&quot;background_background&quot;:&quot;classic&quot;}\">\n\t\t\t\t\t\t\t<div class=\"elementor-background-overlay\"><\/div>\n\t\t\t\t\t\t\t<div class=\"elementor-container elementor-column-gap-default\">\n\t\t\t\t\t<div class=\"elementor-column elementor-col-100 elementor-top-column elementor-element elementor-element-288b516d sc_layouts_column_align_center sc_layouts_column sc-mobile_layouts_column_align_center sc_layouts_column sc_content_align_inherit sc_layouts_column_icons_position_left sc_fly_static\" data-id=\"288b516d\" data-element_type=\"column\">\n\t\t\t<div class=\"elementor-widget-wrap elementor-element-populated\">\n\t\t\t\t\t\t<div class=\"elementor-element elementor-element-358e4a0 sc_layouts_hide_on_notebook sc_layouts_hide_on_tablet sc_layouts_hide_on_mobile sc_fly_static elementor-widget elementor-widget-spacer\" data-id=\"358e4a0\" data-element_type=\"widget\" data-widget_type=\"spacer.default\">\n\t\t\t\t<div class=\"elementor-widget-container\">\n\t\t\t\t\t\t\t<div class=\"elementor-spacer\">\n\t\t\t<div class=\"elementor-spacer-inner\"><\/div>\n\t\t<\/div>\n\t\t\t\t\t\t<\/div>\n\t\t\t\t<\/div>\n\t\t\t\t<div class=\"elementor-element elementor-element-246468a3 sc_height_huge sc_fly_static elementor-widget elementor-widget-spacer\" data-id=\"246468a3\" data-element_type=\"widget\" data-widget_type=\"spacer.default\">\n\t\t\t\t<div class=\"elementor-widget-container\">\n\t\t\t\t\t\t\t<div class=\"elementor-spacer\">\n\t\t\t<div class=\"elementor-spacer-inner\"><\/div>\n\t\t<\/div>\n\t\t\t\t\t\t<\/div>\n\t\t\t\t<\/div>\n\t\t\t\t<div class=\"elementor-element elementor-element-74a5e9d1 sc_height_huge sc_layouts_hide_on_mobile sc_fly_static elementor-widget elementor-widget-spacer\" data-id=\"74a5e9d1\" data-element_type=\"widget\" data-widget_type=\"spacer.default\">\n\t\t\t\t<div class=\"elementor-widget-container\">\n\t\t\t\t\t\t\t<div class=\"elementor-spacer\">\n\t\t\t<div class=\"elementor-spacer-inner\"><\/div>\n\t\t<\/div>\n\t\t\t\t\t\t<\/div>\n\t\t\t\t<\/div>\n\t\t\t\t<div data-mouse-helper=\"hover\" data-mouse-helper-hide-helper=\"0\" data-mouse-helper-centered=\"1\" data-mouse-helper-magnet=\"99\" data-mouse-helper-color=\"\" data-mouse-helper-bg-color=\"#FB2610\" data-mouse-helper-bd-color=\"\" data-mouse-helper-bd-width=\"-1\" data-mouse-helper-mode=\"multiply\" data-mouse-helper-axis=\"xy\" data-mouse-helper-delay=\"0\" data-mouse-helper-text=\"\" data-mouse-helper-text-size=\"\" data-mouse-helper-text-round=\"0\" data-mouse-helper-icon=\"\" data-mouse-helper-icon-size=\"\" data-mouse-helper-icon-color=\"\" data-mouse-helper-image=\"\" data-mouse-helper-layout=\"\" data-mouse-helper-class=\"\" data-mouse-helper-callback=\"\" data-mouse-helper-hide-cursor=\"0\" class=\"elementor-element elementor-element-7dacc9d5 elementor-align-center round-square elementor-widget__width-auto sc_fly_static elementor-widget elementor-widget-button\" data-id=\"7dacc9d5\" data-element_type=\"widget\" data-widget_type=\"button.default\">\n\t\t\t\t<div class=\"elementor-widget-container\">\n\t\t\t\t\t\t\t\t\t<div class=\"elementor-button-wrapper\">\n\t\t\t\t\t<a class=\"elementor-button elementor-button-link elementor-size-sm\" href=\"#go-video2\">\n\t\t\t\t\t\t<span class=\"elementor-button-content-wrapper\">\n\t\t\t\t\t\t\t\t\t<span class=\"elementor-button-text\">PLAY<\/span>\n\t\t\t\t\t<\/span>\n\t\t\t\t\t<\/a>\n\t\t\t\t<\/div>\n\t\t\t\t\t\t\t\t<\/div>\n\t\t\t\t<\/div>\n\t\t\t\t<div class=\"elementor-element elementor-element-28fa3cf7 sc_height_huge sc_layouts_hide_on_mobile sc_fly_static elementor-widget elementor-widget-spacer\" data-id=\"28fa3cf7\" data-element_type=\"widget\" data-widget_type=\"spacer.default\">\n\t\t\t\t<div class=\"elementor-widget-container\">\n\t\t\t\t\t\t\t<div class=\"elementor-spacer\">\n\t\t\t<div class=\"elementor-spacer-inner\"><\/div>\n\t\t<\/div>\n\t\t\t\t\t\t<\/div>\n\t\t\t\t<\/div>\n\t\t\t\t<div class=\"elementor-element elementor-element-1ceaf106 sc_height_huge sc_fly_static elementor-widget elementor-widget-spacer\" data-id=\"1ceaf106\" data-element_type=\"widget\" data-widget_type=\"spacer.default\">\n\t\t\t\t<div class=\"elementor-widget-container\">\n\t\t\t\t\t\t\t<div class=\"elementor-spacer\">\n\t\t\t<div class=\"elementor-spacer-inner\"><\/div>\n\t\t<\/div>\n\t\t\t\t\t\t<\/div>\n\t\t\t\t<\/div>\n\t\t\t\t<div class=\"elementor-element elementor-element-a8a0b49 sc_layouts_hide_on_notebook sc_layouts_hide_on_tablet sc_layouts_hide_on_mobile sc_fly_static elementor-widget elementor-widget-spacer\" data-id=\"a8a0b49\" data-element_type=\"widget\" data-widget_type=\"spacer.default\">\n\t\t\t\t<div class=\"elementor-widget-container\">\n\t\t\t\t\t\t\t<div class=\"elementor-spacer\">\n\t\t\t<div class=\"elementor-spacer-inner\"><\/div>\n\t\t<\/div>\n\t\t\t\t\t\t<\/div>\n\t\t\t\t<\/div>\n\t\t\t\t\t<\/div>\n\t\t<\/div>\n\t\t\t\t\t<\/div>\n\t\t<\/section>\n\t\t\t\t<section class=\"elementor-section elementor-top-section elementor-element elementor-element-175c4a4 elementor-section-boxed elementor-section-height-default elementor-section-height-default sc_fly_static\" data-id=\"175c4a4\" data-element_type=\"section\">\n\t\t\t\t\t\t<div class=\"elementor-container elementor-column-gap-extended\">\n\t\t\t\t\t<div class=\"elementor-column elementor-col-100 elementor-top-column elementor-element elementor-element-7e1a073 sc_content_align_inherit sc_layouts_column_icons_position_left sc_fly_static\" data-id=\"7e1a073\" data-element_type=\"column\">\n\t\t\t<div class=\"elementor-widget-wrap elementor-element-populated\">\n\t\t\t\t\t\t<div class=\"elementor-element elementor-element-00154ed sc_height_huge sc_fly_static elementor-widget elementor-widget-spacer\" data-id=\"00154ed\" data-element_type=\"widget\" data-widget_type=\"spacer.default\">\n\t\t\t\t<div class=\"elementor-widget-container\">\n\t\t\t\t\t\t\t<div class=\"elementor-spacer\">\n\t\t\t<div class=\"elementor-spacer-inner\"><\/div>\n\t\t<\/div>\n\t\t\t\t\t\t<\/div>\n\t\t\t\t<\/div>\n\t\t\t\t\t<\/div>\n\t\t<\/div>\n\t\t\t\t\t<\/div>\n\t\t<\/section>\n\t\t\t\t<section class=\"elementor-section elementor-top-section elementor-element elementor-element-044201c elementor-section-content-middle elementor-section-boxed elementor-section-height-default elementor-section-height-default sc_fly_static\" data-id=\"044201c\" data-element_type=\"section\">\n\t\t\t\t\t\t<div class=\"elementor-container elementor-column-gap-extended\">\n\t\t\t\t\t<div class=\"elementor-column elementor-col-50 elementor-top-column elementor-element elementor-element-fe373bb sc_content_align_inherit sc_layouts_column_icons_position_left sc_fly_static\" data-id=\"fe373bb\" data-element_type=\"column\">\n\t\t\t<div class=\"elementor-widget-wrap elementor-element-populated\">\n\t\t\t\t\t\t<div class=\"elementor-element elementor-element-7aeea41 sc_fly_static elementor-widget elementor-widget-trx_sc_title\" data-id=\"7aeea41\" data-element_type=\"widget\" data-widget_type=\"trx_sc_title.default\">\n\t\t\t\t<div class=\"elementor-widget-container\">\n\t\t\t\t\t<div\t\tclass=\"sc_title sc_title_default\" ><h2 class=\"sc_item_title sc_title_title sc_item_title_style_default\"\n\t\t\t><span class=\"sc_item_title_text\">Ayl\u0131k f\u0131rsatlar i\u00e7in kat\u0131l.<\/span><\/h2><\/div>\t\t\t\t<\/div>\n\t\t\t\t<\/div>\n\t\t\t\t\t<\/div>\n\t\t<\/div>\n\t\t\t\t<div class=\"elementor-column elementor-col-50 elementor-top-column elementor-element elementor-element-b7949ba sc_content_align_inherit sc_layouts_column_icons_position_left sc_fly_static\" data-id=\"b7949ba\" data-element_type=\"column\">\n\t\t\t<div class=\"elementor-widget-wrap elementor-element-populated\">\n\t\t\t\t\t\t<div class=\"elementor-element elementor-element-0422a25 sc_layouts_hide_on_wide sc_layouts_hide_on_desktop sc_layouts_hide_on_notebook sc_layouts_hide_on_tablet sc_fly_static elementor-widget elementor-widget-spacer\" data-id=\"0422a25\" data-element_type=\"widget\" data-widget_type=\"spacer.default\">\n\t\t\t\t<div class=\"elementor-widget-container\">\n\t\t\t\t\t\t\t<div class=\"elementor-spacer\">\n\t\t\t<div class=\"elementor-spacer-inner\"><\/div>\n\t\t<\/div>\n\t\t\t\t\t\t<\/div>\n\t\t\t\t<\/div>\n\t\t\t\t<div class=\"elementor-element elementor-element-de0d02d sc_fly_static elementor-widget elementor-widget-shortcode\" data-id=\"de0d02d\" data-element_type=\"widget\" data-widget_type=\"shortcode.default\">\n\t\t\t\t<div class=\"elementor-widget-container\">\n\t\t\t\t\t\t\t<div class=\"elementor-shortcode\"><script>(function() {\n\twindow.mc4wp = window.mc4wp || {\n\t\tlisteners: [],\n\t\tforms: {\n\t\t\ton: function(evt, cb) {\n\t\t\t\twindow.mc4wp.listeners.push(\n\t\t\t\t\t{\n\t\t\t\t\t\tevent   : evt,\n\t\t\t\t\t\tcallback: cb\n\t\t\t\t\t}\n\t\t\t\t);\n\t\t\t}\n\t\t}\n\t}\n})();\n<\/script><!-- Mailchimp for WordPress v4.11.1 - https:\/\/wordpress.org\/plugins\/mailchimp-for-wp\/ --><form id=\"style-3\" class=\"mc4wp-form mc4wp-form-461\" method=\"post\" data-id=\"461\" data-name=\"Subscribe\" action=\"\" ><div class=\"mc4wp-form-fields\"><input type=\"email\" name=\"EMAIL\" placeholder=\"E-mail adresinizi yaz\u0131n.\" \/>\r\n<button>Takip Et<\/button>\r\n<input name=\"i_agree_privacy_policy\" value=\"1\" required=\"\" type=\"checkbox\"><label>I agree to the <a href=\"\/tr\/privacy-policy\/\" target=\"_blank\">Privacy Policy<\/a>.<\/label><\/div><label style=\"display: none !important;\">Leave this field empty if you're human: <input type=\"text\" name=\"_mc4wp_honeypot\" value=\"\" tabindex=\"-1\" autocomplete=\"off\" \/><\/label><input type=\"hidden\" name=\"_mc4wp_timestamp\" value=\"1776758510\" \/><input type=\"hidden\" name=\"_mc4wp_form_id\" value=\"461\" \/><input type=\"hidden\" name=\"_mc4wp_form_element_id\" value=\"style-3\" \/><div class=\"mc4wp-response\"><\/div><input type=\"hidden\" name=\"trp-form-language\" value=\"tr\"\/><\/form><!-- \/ Mailchimp for WordPress Plugin --><\/div>\n\t\t\t\t\t\t<\/div>\n\t\t\t\t<\/div>\n\t\t\t\t\t<\/div>\n\t\t<\/div>\n\t\t\t\t\t<\/div>\n\t\t<\/section>\n\t\t\t\t<section class=\"elementor-section elementor-top-section elementor-element elementor-element-02520dd elementor-section-boxed elementor-section-height-default elementor-section-height-default sc_fly_static\" data-id=\"02520dd\" data-element_type=\"section\">\n\t\t\t\t\t\t<div class=\"elementor-container elementor-column-gap-extended\">\n\t\t\t\t\t<div class=\"elementor-column elementor-col-100 elementor-top-column elementor-element elementor-element-f783bf2 sc_content_align_inherit sc_layouts_column_icons_position_left sc_fly_static\" data-id=\"f783bf2\" data-element_type=\"column\">\n\t\t\t<div class=\"elementor-widget-wrap elementor-element-populated\">\n\t\t\t\t\t\t<div class=\"elementor-element elementor-element-48ae1d7 sc_height_huge sc_fly_static elementor-widget elementor-widget-spacer\" data-id=\"48ae1d7\" data-element_type=\"widget\" data-widget_type=\"spacer.default\">\n\t\t\t\t<div class=\"elementor-widget-container\">\n\t\t\t\t\t\t\t<div class=\"elementor-spacer\">\n\t\t\t<div class=\"elementor-spacer-inner\"><\/div>\n\t\t<\/div>\n\t\t\t\t\t\t<\/div>\n\t\t\t\t<\/div>\n\t\t\t\t\t<\/div>\n\t\t<\/div>\n\t\t\t\t\t<\/div>\n\t\t<\/section>\n\t\t\t\t<\/div>","protected":false},"excerpt":{"rendered":"<p>Enerjiye Dair Bilmeniz Gereken Her \u015eey. Leorde&#8217;de, sadece aksesuar de\u011fil, g\u00fcvence ve \u015feffafl\u0131k sunuyoruz. Enerjinin kayna\u011f\u0131, zanaat\u0131n inceli\u011fi ve iade s\u00fcre\u00e7lerinizin zarafeti hakk\u0131nda merak ettiklerinizi burada bulabilirsiniz. +90 (533) 477&hellip;<\/p>","protected":false},"author":1,"featured_media":0,"parent":0,"menu_order":0,"comment_status":"closed","ping_status":"closed","template":"","meta":{"footnotes":""},"class_list":["post-17932","page","type-page","status-publish","hentry"],"_hostinger_reach_plugin_has_subscription_block":false,"_hostinger_reach_plugin_is_elementor":false,"_links":{"self":[{"href":"https:\/\/leorde.com\/tr\/wp-json\/wp\/v2\/pages\/17932","targetHints":{"allow":["GET"]}}],"collection":[{"href":"https:\/\/leorde.com\/tr\/wp-json\/wp\/v2\/pages"}],"about":[{"href":"https:\/\/leorde.com\/tr\/wp-json\/wp\/v2\/types\/page"}],"author":[{"embeddable":true,"href":"https:\/\/leorde.com\/tr\/wp-json\/wp\/v2\/users\/1"}],"replies":[{"embeddable":true,"href":"https:\/\/leorde.com\/tr\/wp-json\/wp\/v2\/comments?post=17932"}],"version-history":[{"count":22,"href":"https:\/\/leorde.com\/tr\/wp-json\/wp\/v2\/pages\/17932\/revisions"}],"predecessor-version":[{"id":21583,"href":"https:\/\/leorde.com\/tr\/wp-json\/wp\/v2\/pages\/17932\/revisions\/21583"}],"wp:attachment":[{"href":"https:\/\/leorde.com\/tr\/wp-json\/wp\/v2\/media?parent=17932"}],"curies":[{"name":"wp","href":"https:\/\/api.w.org\/{rel}","templated":true}]}}