{"id":310,"date":"2020-04-21T18:04:37","date_gmt":"2020-04-21T18:04:37","guid":{"rendered":"https:\/\/leorde.com\/?page_id=310"},"modified":"2025-11-09T17:10:30","modified_gmt":"2025-11-09T17:10:30","slug":"blog","status":"publish","type":"page","link":"https:\/\/leorde.com\/tr\/blog\/","title":{"rendered":"Blog"},"content":{"rendered":"<div data-elementor-type=\"wp-page\" data-elementor-id=\"310\" class=\"elementor elementor-310\">\n\t\t\t\t\t\t<section class=\"elementor-section elementor-top-section elementor-element elementor-element-6d156187 elementor-section-boxed elementor-section-height-default elementor-section-height-default sc_fly_static\" data-id=\"6d156187\" data-element_type=\"section\">\n\t\t\t\t\t\t<div class=\"elementor-container elementor-column-gap-extended\">\n\t\t\t\t\t<div class=\"elementor-column elementor-col-100 elementor-top-column elementor-element elementor-element-6eb25a5d sc_content_align_inherit sc_layouts_column_icons_position_left sc_fly_static\" data-id=\"6eb25a5d\" data-element_type=\"column\">\n\t\t\t<div class=\"elementor-widget-wrap elementor-element-populated\">\n\t\t\t\t\t\t<div class=\"elementor-element elementor-element-bc55f44 sc_height_huge sc_fly_static elementor-widget elementor-widget-spacer\" data-id=\"bc55f44\" data-element_type=\"widget\" data-widget_type=\"spacer.default\">\n\t\t\t\t<div class=\"elementor-widget-container\">\n\t\t\t\t\t\t\t<div class=\"elementor-spacer\">\n\t\t\t<div class=\"elementor-spacer-inner\"><\/div>\n\t\t<\/div>\n\t\t\t\t\t\t<\/div>\n\t\t\t\t<\/div>\n\t\t\t\t<div class=\"elementor-element elementor-element-161292a2 sc_style_default sc_fly_static elementor-widget elementor-widget-trx_sc_blogger\" data-id=\"161292a2\" data-element_type=\"widget\" data-widget_type=\"trx_sc_blogger.default\">\n\t\t\t\t<div class=\"elementor-widget-container\">\n\t\t\t\t\t<div \t\tclass=\"sc_blogger sc_blogger_classic sc_blogger_classic_default sc_item_filters_tabs_none alignnone\" ><div class=\"sc_blogger_content sc_item_content sc_item_posts_container posts_container classic_wrap classic_2 columns_wrap columns_padding_bottom\" ><div class=\"column-1_2\"><article id=\"post-21322\" data-post-id=\"21322\"\n\tclass=\"post_item post_item_container post_format_standard post_layout_classic post_layout_classic_2 post-21322 post type-post status-publish format-standard hentry category-uncategorized\">\n\t\t\t<div class=\"post_header entry-header\">\n\t\t\t<h4 class=\"post_title entry-title\"><a href=\"https:\/\/leorde.com\/tr\/titresimi-secmek-dogal-taslar-enerji-akisinizi-nasil-dengeler\/\" rel=\"bookmark\">Titre\u015fimi Se\u00e7mek: Do\u011fal Ta\u015flar Enerji Ak\u0131\u015f\u0131n\u0131z\u0131 Nas\u0131l Dengeler?<\/a><\/h4>\t\t<\/div><!-- .entry-header -->\n\t\t\n<\/article><\/div><div class=\"column-1_2\"><article id=\"post-21324\" data-post-id=\"21324\"\n\tclass=\"post_item post_item_container post_format_standard post_layout_classic post_layout_classic_2 post-21324 post type-post status-publish format-standard hentry category-uncategorized\">\n\t\t\t<div class=\"post_header entry-header\">\n\t\t\t<h4 class=\"post_title entry-title\"><a href=\"https:\/\/leorde.com\/tr\/temasin-gucu-bakir-bileklik-faydalari-ve-auranizla-rezonansi\/\" rel=\"bookmark\">Temas\u0131n G\u00fcc\u00fc: Bak\u0131r Bileklik Faydalar\u0131 ve Aura&#8217;n\u0131zla Rezonans\u0131<\/a><\/h4>\t\t<\/div><!-- .entry-header -->\n\t\t\n<\/article><\/div><div class=\"column-1_2\"><article id=\"post-21326\" data-post-id=\"21326\"\n\tclass=\"post_item post_item_container post_format_standard post_layout_classic post_layout_classic_2 post-21326 post type-post status-publish format-standard hentry category-uncategorized\">\n\t\t\t<div class=\"post_header entry-header\">\n\t\t\t<h4 class=\"post_title entry-title\"><a href=\"https:\/\/leorde.com\/tr\/auranizin-kokusu-dogal-tasli-parfum-siseleri-ile-kisisel-enerji-ritueli\/\" rel=\"bookmark\">Aura&#8217;n\u0131z\u0131n Kokusu: Do\u011fal Ta\u015fl\u0131 Parf\u00fcm \u015ei\u015feleri ile Ki\u015fisel Enerji Rit\u00fceli<\/a><\/h4>\t\t<\/div><!-- .entry-header -->\n\t\t\n<\/article><\/div><div class=\"column-1_2\"><article id=\"post-21328\" data-post-id=\"21328\"\n\tclass=\"post_item post_item_container post_format_standard post_layout_classic post_layout_classic_2 post-21328 post type-post status-publish format-standard hentry category-uncategorized\">\n\t\t\t<div class=\"post_header entry-header\">\n\t\t\t<h4 class=\"post_title entry-title\"><a href=\"https:\/\/leorde.com\/tr\/lorde-2002den-beri-sadece-satmiyoruz-enerjinin-kuratorlugunu-yapiyoruz\/\" rel=\"bookmark\">L&#8217;ORDE: 2002&#8217;den Beri Sadece Satm\u0131yoruz, Enerjinin K\u00fcrat\u00f6rl\u00fc\u011f\u00fcn\u00fc Yap\u0131yoruz<\/a><\/h4>\t\t<\/div><!-- .entry-header -->\n\t\t\n<\/article><\/div><div class=\"column-1_2\"><article id=\"post-21330\" data-post-id=\"21330\"\n\tclass=\"post_item post_item_container post_format_standard post_layout_classic post_layout_classic_2 post-21330 post type-post status-publish format-standard hentry category-uncategorized\">\n\t\t\t<div class=\"post_header entry-header\">\n\t\t\t<h4 class=\"post_title entry-title\"><a href=\"https:\/\/leorde.com\/tr\/lorde-deneyimi-minimalist-15m%c2%b2de-global-enerjiyi-nasil-sunuyoruz\/\" rel=\"bookmark\">L&#8217;ORDE Deneyimi: Minimalist 15m\u00b2&#8217;de Global Enerjiyi Nas\u0131l Sunuyoruz?<\/a><\/h4>\t\t<\/div><!-- .entry-header -->\n\t\t\n<\/article><\/div><\/div><\/div>\t\t\t\t<\/div>\n\t\t\t\t<\/div>\n\t\t\t\t<div class=\"elementor-element elementor-element-24cf79f sc_height_huge sc_fly_static elementor-widget elementor-widget-spacer\" data-id=\"24cf79f\" data-element_type=\"widget\" data-widget_type=\"spacer.default\">\n\t\t\t\t<div class=\"elementor-widget-container\">\n\t\t\t\t\t\t\t<div class=\"elementor-spacer\">\n\t\t\t<div class=\"elementor-spacer-inner\"><\/div>\n\t\t<\/div>\n\t\t\t\t\t\t<\/div>\n\t\t\t\t<\/div>\n\t\t\t\t\t<\/div>\n\t\t<\/div>\n\t\t\t\t\t<\/div>\n\t\t<\/section>\n\t\t\t\t<\/div>","protected":false},"excerpt":{"rendered":"<p>8 minutes ago0Comments Titre\u015fimi Se\u00e7mek: Do\u011fal Ta\u015flar Enerji Ak\u0131\u015f\u0131n\u0131z\u0131 Nas\u0131l Dengeler? 6 minutes ago0Comments Temas\u0131n G\u00fcc\u00fc: Bak\u0131r Bileklik Faydalar\u0131 ve Aura&#8217;n\u0131zla Rezonans\u0131 5 minutes ago0Comments Aura&#8217;n\u0131z\u0131n Kokusu: Do\u011fal Ta\u015fl\u0131 Parf\u00fcm&hellip;<\/p>","protected":false},"author":1,"featured_media":0,"parent":0,"menu_order":0,"comment_status":"closed","ping_status":"closed","template":"","meta":{"footnotes":""},"class_list":["post-310","page","type-page","status-publish","hentry"],"_hostinger_reach_plugin_has_subscription_block":false,"_hostinger_reach_plugin_is_elementor":false,"_links":{"self":[{"href":"https:\/\/leorde.com\/tr\/wp-json\/wp\/v2\/pages\/310","targetHints":{"allow":["GET"]}}],"collection":[{"href":"https:\/\/leorde.com\/tr\/wp-json\/wp\/v2\/pages"}],"about":[{"href":"https:\/\/leorde.com\/tr\/wp-json\/wp\/v2\/types\/page"}],"author":[{"embeddable":true,"href":"https:\/\/leorde.com\/tr\/wp-json\/wp\/v2\/users\/1"}],"replies":[{"embeddable":true,"href":"https:\/\/leorde.com\/tr\/wp-json\/wp\/v2\/comments?post=310"}],"version-history":[{"count":3,"href":"https:\/\/leorde.com\/tr\/wp-json\/wp\/v2\/pages\/310\/revisions"}],"predecessor-version":[{"id":21334,"href":"https:\/\/leorde.com\/tr\/wp-json\/wp\/v2\/pages\/310\/revisions\/21334"}],"wp:attachment":[{"href":"https:\/\/leorde.com\/tr\/wp-json\/wp\/v2\/media?parent=310"}],"curies":[{"name":"wp","href":"https:\/\/api.w.org\/{rel}","templated":true}]}}