{"id":21443,"date":"2025-11-14T10:31:29","date_gmt":"2025-11-14T10:31:29","guid":{"rendered":"https:\/\/leorde.com\/?post_type=product&#038;p=21443"},"modified":"2026-01-15T10:23:33","modified_gmt":"2026-01-15T10:23:33","slug":"ruby-core-8-mm","status":"publish","type":"product","link":"https:\/\/leorde.com\/tr\/urun\/ruby-core-8-mm\/","title":{"rendered":"Ruby Core 8 mm"},"content":{"rendered":"<p data-start=\"308\" data-end=\"474\">Esnek dayan\u0131kl\u0131 misina \u00fczerine haz\u0131rlanm\u0131\u015ft\u0131r. Metal detay paslanmaz \u00e7elik kaplamal\u0131d\u0131r.<\/p>\n<p data-start=\"476\" data-end=\"757\"><strong data-start=\"476\" data-end=\"491\">Ta\u015f Bilgisi<\/strong><br data-start=\"491\" data-end=\"494\" \/>Yakut; canl\u0131l\u0131k, g\u00fc\u00e7 ve odaklanmay\u0131 temsil eden de\u011ferli minerallerden biridir. Tarih boyunca enerjiyi y\u00fckseltmesi ve koruyucu bir aura olu\u015fturmas\u0131yla tercih edilmi\u015ftir. Leorde se\u00e7kisindeki yakut ta\u015flar\u0131, renk yo\u011funlu\u011fu ve parlakl\u0131k kalitesine g\u00f6re \u00f6zenle se\u00e7ilir.<\/p>\n<p data-start=\"759\" data-end=\"925\"><strong data-start=\"759\" data-end=\"784\">Enerji &amp; \u00c7akra Tan\u0131m\u0131<\/strong><br data-start=\"784\" data-end=\"787\" \/>K\u00f6k \u00e7akray\u0131 dengeleyerek g\u00fcven hissini art\u0131r\u0131r, zihinsel kararl\u0131l\u0131\u011f\u0131 g\u00fc\u00e7lendirir. Minimal yap\u0131s\u0131yla g\u00fc\u00e7l\u00fc ama sade bir enerji alan\u0131 sunar.<\/p>\n<p data-start=\"927\" data-end=\"963\"><strong data-start=\"927\" data-end=\"941\">Bur\u00e7 Uyumu<\/strong><br data-start=\"941\" data-end=\"944\" \/>Ko\u00e7 \u2013 Aslan \u2013 Akrep<\/p>\n<p data-start=\"965\" data-end=\"1002\">","protected":false},"excerpt":{"rendered":"<p data-start=\"308\" data-end=\"474\">10 mm Yakut \u2013 D\u00fcz Parlak Kesim \u2013 19 adet do\u011fal ta\u015f dizilim. Esnek dayan\u0131kl\u0131 misina \u00fczerine haz\u0131rlanm\u0131\u015ft\u0131r. Metal detay paslanmaz \u00e7elik kaplamal\u0131d\u0131r.<\/p>\n<p data-start=\"476\" data-end=\"757\">","protected":false},"featured_media":21386,"comment_status":"open","ping_status":"closed","template":"","meta":[],"product_brand":[],"product_cat":[213],"product_tag":[],"class_list":{"0":"post-21443","1":"product","2":"type-product","3":"status-publish","4":"has-post-thumbnail","6":"product_cat-bileklik","8":"first","9":"instock","10":"sale","11":"shipping-taxable","12":"purchasable","13":"product-type-simple"},"_links":{"self":[{"href":"https:\/\/leorde.com\/tr\/wp-json\/wp\/v2\/product\/21443","targetHints":{"allow":["GET"]}}],"collection":[{"href":"https:\/\/leorde.com\/tr\/wp-json\/wp\/v2\/product"}],"about":[{"href":"https:\/\/leorde.com\/tr\/wp-json\/wp\/v2\/types\/product"}],"replies":[{"embeddable":true,"href":"https:\/\/leorde.com\/tr\/wp-json\/wp\/v2\/comments?post=21443"}],"wp:featuredmedia":[{"embeddable":true,"href":"https:\/\/leorde.com\/tr\/wp-json\/wp\/v2\/media\/21386"}],"wp:attachment":[{"href":"https:\/\/leorde.com\/tr\/wp-json\/wp\/v2\/media?parent=21443"}],"wp:term":[{"taxonomy":"product_brand","embeddable":true,"href":"https:\/\/leorde.com\/tr\/wp-json\/wp\/v2\/product_brand?post=21443"},{"taxonomy":"product_cat","embeddable":true,"href":"https:\/\/leorde.com\/tr\/wp-json\/wp\/v2\/product_cat?post=21443"},{"taxonomy":"product_tag","embeddable":true,"href":"https:\/\/leorde.com\/tr\/wp-json\/wp\/v2\/product_tag?post=21443"}],"curies":[{"name":"wp","href":"https:\/\/api.w.org\/{rel}","templated":true}]}}