{"id":21446,"date":"2025-11-14T10:59:43","date_gmt":"2025-11-14T10:59:43","guid":{"rendered":"https:\/\/leorde.com\/?post_type=product&#038;p=21446"},"modified":"2026-01-29T10:46:27","modified_gmt":"2026-01-29T10:46:27","slug":"nishapur-wave","status":"publish","type":"product","link":"https:\/\/leorde.com\/tr\/urun\/nishapur-wave\/","title":{"rendered":"Nishapur Wave 10 mm"},"content":{"rendered":"<p data-start=\"275\" data-end=\"472\">Ta\u015flar\u0131n damar yap\u0131s\u0131 ve renk ge\u00e7i\u015fleri korunarak se\u00e7ilmi\u015ftir. Esnek dayan\u0131kl\u0131 misina \u00fczerine el i\u015f\u00e7ili\u011fi ile haz\u0131rlanm\u0131\u015ft\u0131r.<\/p>\n<p data-start=\"474\" data-end=\"758\"><strong data-start=\"474\" data-end=\"489\">Ta\u015f Bilgisi<\/strong><br data-start=\"489\" data-end=\"492\" \/>Ni\u015fabur firuzesi; \u00f6zg\u00fcn damarlar\u0131, berrak turkuaz tonlar\u0131 ve koleksiyon de\u011feri ta\u015f\u0131yan yap\u0131s\u0131yla bilinir. Y\u00fczy\u0131llard\u0131r \u015fans, huzur ve korunma ta\u015f\u0131 olarak kullan\u0131l\u0131r. Leorde se\u00e7kisinde kullan\u0131lan ta\u015flar, renk derinli\u011fi ve y\u00fczey b\u00fct\u00fcnl\u00fc\u011f\u00fcne g\u00f6re \u00f6zel olarak ay\u0131klan\u0131r.<\/p>\n<p data-start=\"760\" data-end=\"927\"><strong data-start=\"760\" data-end=\"785\">Enerji &amp; \u00c7akra Tan\u0131m\u0131<\/strong><br data-start=\"785\" data-end=\"788\" \/>Bo\u011faz \u00e7akras\u0131n\u0131 destekleyerek ileti\u015fim g\u00fcc\u00fcn\u00fc ve kendini ifade etmeyi kolayla\u015ft\u0131r\u0131r. Hafif ve berrak bir enerji yayar, zihni sakinle\u015ftirir.<\/p>\n<p data-start=\"929\" data-end=\"967\"><strong data-start=\"929\" data-end=\"943\">Bur\u00e7 Uyumu<\/strong><br data-start=\"943\" data-end=\"946\" \/>Kova \u2013 Bal\u0131k \u2013 Terazi<\/p>\n<p data-start=\"969\" data-end=\"1005\">","protected":false},"excerpt":{"rendered":"<p>Ta\u015flar\u0131n damar yap\u0131s\u0131 ve renk ge\u00e7i\u015fleri korunarak se\u00e7ilmi\u015ftir. Esnek dayan\u0131kl\u0131 misina \u00fczerine el i\u015f\u00e7ili\u011fi ile haz\u0131rlanm\u0131\u015ft\u0131r. Ta\u015f BilgisiNi\u015fabur firuzesi; \u00f6zg\u00fcn damarlar\u0131, berrak turkuaz tonlar\u0131 ve koleksiyon de\u011feri ta\u015f\u0131yan yap\u0131s\u0131yla bilinir.&hellip;<\/p>","protected":false},"featured_media":21447,"comment_status":"open","ping_status":"closed","template":"","meta":[],"product_brand":[],"product_cat":[213],"product_tag":[],"class_list":{"0":"post-21446","1":"product","2":"type-product","3":"status-publish","4":"has-post-thumbnail","6":"product_cat-bileklik","8":"first","9":"instock","10":"sale","11":"shipping-taxable","12":"purchasable","13":"product-type-simple"},"_links":{"self":[{"href":"https:\/\/leorde.com\/tr\/wp-json\/wp\/v2\/product\/21446","targetHints":{"allow":["GET"]}}],"collection":[{"href":"https:\/\/leorde.com\/tr\/wp-json\/wp\/v2\/product"}],"about":[{"href":"https:\/\/leorde.com\/tr\/wp-json\/wp\/v2\/types\/product"}],"replies":[{"embeddable":true,"href":"https:\/\/leorde.com\/tr\/wp-json\/wp\/v2\/comments?post=21446"}],"wp:featuredmedia":[{"embeddable":true,"href":"https:\/\/leorde.com\/tr\/wp-json\/wp\/v2\/media\/21447"}],"wp:attachment":[{"href":"https:\/\/leorde.com\/tr\/wp-json\/wp\/v2\/media?parent=21446"}],"wp:term":[{"taxonomy":"product_brand","embeddable":true,"href":"https:\/\/leorde.com\/tr\/wp-json\/wp\/v2\/product_brand?post=21446"},{"taxonomy":"product_cat","embeddable":true,"href":"https:\/\/leorde.com\/tr\/wp-json\/wp\/v2\/product_cat?post=21446"},{"taxonomy":"product_tag","embeddable":true,"href":"https:\/\/leorde.com\/tr\/wp-json\/wp\/v2\/product_tag?post=21446"}],"curies":[{"name":"wp","href":"https:\/\/api.w.org\/{rel}","templated":true}]}}