{"id":21453,"date":"2025-11-14T11:20:32","date_gmt":"2025-11-14T11:20:32","guid":{"rendered":"https:\/\/leorde.com\/?post_type=product&#038;p=21453"},"modified":"2026-01-29T09:39:21","modified_gmt":"2026-01-29T09:39:21","slug":"amazonite-calm","status":"publish","type":"product","link":"https:\/\/leorde.com\/tr\/urun\/amazonite-calm\/","title":{"rendered":"Amazonite Calm 9-10 mm"},"content":{"rendered":"<p data-start=\"274\" data-end=\"527\">Do\u011fal desenleri ve a\u00e7\u0131k su tonundaki renk ge\u00e7i\u015fleri korunarak se\u00e7ilmi\u015ftir. Esnek dayan\u0131kl\u0131 misina \u00fczerine el i\u015f\u00e7ili\u011fi ile haz\u0131rlanm\u0131\u015ft\u0131r. Orta b\u00f6l\u00fcmde paslanmaz \u00e7elik detay yer al\u0131r.<\/p>\n<p data-start=\"529\" data-end=\"801\"><strong data-start=\"529\" data-end=\"544\">Ta\u015f Bilgisi<\/strong><br data-start=\"544\" data-end=\"547\" \/>Amazonit; sakinlik, berrakl\u0131k ve duygusal dengeyi temsil eden do\u011fal bir mineraldir. Hafif dalgal\u0131 desen yap\u0131s\u0131 ve yumu\u015fak tonlar\u0131yla dikkat \u00e7eker. Leorde se\u00e7kisinde kullan\u0131lan amazonit ta\u015flar\u0131, renk b\u00fct\u00fcnl\u00fc\u011f\u00fc ve y\u00fczey kalitesine g\u00f6re \u00f6zel olarak se\u00e7ilir.<\/p>\n<p data-start=\"803\" data-end=\"984\"><strong data-start=\"803\" data-end=\"828\">Enerji &amp; \u00c7akra Tan\u0131m\u0131<\/strong><br data-start=\"828\" data-end=\"831\" \/>Bo\u011faz ve kalp \u00e7akras\u0131 \u00fczerinde etkili olup i\u00e7sel huzuru art\u0131r\u0131r, ileti\u015fim ve duygu ak\u0131\u015f\u0131n\u0131 dengeler. Kullan\u0131c\u0131ya serin ve dengeli bir enerji alan\u0131 sunar.<\/p>\n<p data-start=\"986\" data-end=\"1024\"><strong data-start=\"986\" data-end=\"1000\">Bur\u00e7 Uyumu<\/strong><br data-start=\"1000\" data-end=\"1003\" \/>Kova \u2013 Bal\u0131k \u2013 Terazi<\/p>","protected":false},"excerpt":{"rendered":"<p data-start=\"274\" data-end=\"527\">7\u20138 mm amazonit ta\u015flardan olu\u015fan do\u011fal ta\u015f bileklik. Do\u011fal desenleri ve a\u00e7\u0131k su tonundaki renk ge\u00e7i\u015fleri korunarak se\u00e7ilmi\u015ftir. Esnek dayan\u0131kl\u0131 misina \u00fczerine el i\u015f\u00e7ili\u011fi ile haz\u0131rlanm\u0131\u015ft\u0131r. Orta b\u00f6l\u00fcmde paslanmaz \u00e7elik detay yer al\u0131r.<\/p>\n<p data-start=\"529\" data-end=\"801\">","protected":false},"featured_media":21414,"comment_status":"open","ping_status":"closed","template":"","meta":[],"product_brand":[],"product_cat":[213],"product_tag":[],"class_list":{"0":"post-21453","1":"product","2":"type-product","3":"status-publish","4":"has-post-thumbnail","6":"product_cat-bileklik","8":"first","9":"instock","10":"sale","11":"shipping-taxable","12":"purchasable","13":"product-type-simple"},"_links":{"self":[{"href":"https:\/\/leorde.com\/tr\/wp-json\/wp\/v2\/product\/21453","targetHints":{"allow":["GET"]}}],"collection":[{"href":"https:\/\/leorde.com\/tr\/wp-json\/wp\/v2\/product"}],"about":[{"href":"https:\/\/leorde.com\/tr\/wp-json\/wp\/v2\/types\/product"}],"replies":[{"embeddable":true,"href":"https:\/\/leorde.com\/tr\/wp-json\/wp\/v2\/comments?post=21453"}],"wp:featuredmedia":[{"embeddable":true,"href":"https:\/\/leorde.com\/tr\/wp-json\/wp\/v2\/media\/21414"}],"wp:attachment":[{"href":"https:\/\/leorde.com\/tr\/wp-json\/wp\/v2\/media?parent=21453"}],"wp:term":[{"taxonomy":"product_brand","embeddable":true,"href":"https:\/\/leorde.com\/tr\/wp-json\/wp\/v2\/product_brand?post=21453"},{"taxonomy":"product_cat","embeddable":true,"href":"https:\/\/leorde.com\/tr\/wp-json\/wp\/v2\/product_cat?post=21453"},{"taxonomy":"product_tag","embeddable":true,"href":"https:\/\/leorde.com\/tr\/wp-json\/wp\/v2\/product_tag?post=21453"}],"curies":[{"name":"wp","href":"https:\/\/api.w.org\/{rel}","templated":true}]}}