{"id":21466,"date":"2025-11-14T11:50:05","date_gmt":"2025-11-14T11:50:05","guid":{"rendered":"https:\/\/leorde.com\/?post_type=product&#038;p=21466"},"modified":"2026-01-15T09:56:54","modified_gmt":"2026-01-15T09:56:54","slug":"zultanite-aura","status":"publish","type":"product","link":"https:\/\/leorde.com\/tr\/urun\/zultanite-aura\/","title":{"rendered":"Zultanite Aura"},"content":{"rendered":"<article class=\"text-token-text-primary w-full focus:outline-none [--shadow-height:45px] has-data-writing-block:pointer-events-none has-data-writing-block:-mt-(--shadow-height) has-data-writing-block:pt-(--shadow-height) [&amp;:has([data-writing-block])&gt;*]:pointer-events-auto [content-visibility:auto] supports-[content-visibility:auto]:[contain-intrinsic-size:auto_100lvh] scroll-mt-[calc(var(--header-height)+min(200px,max(70px,20svh)))]\" dir=\"auto\" data-turn-id=\"request-WEB:ce0d2284-52ef-47b6-b46d-a3b60c75d133-23\" data-testid=\"conversation-turn-48\" data-scroll-anchor=\"true\" data-turn=\"assistant\">\n<div class=\"text-base my-auto mx-auto pb-10 [--thread-content-margin:--spacing(4)] thread-sm:[--thread-content-margin:--spacing(6)] thread-lg:[--thread-content-margin:--spacing(16)] px-(--thread-content-margin)\">\n<div class=\"[--thread-content-max-width:40rem] thread-lg:[--thread-content-max-width:48rem] mx-auto max-w-(--thread-content-max-width) flex-1 group\/turn-messages focus-visible:outline-hidden relative flex w-full min-w-0 flex-col agent-turn\">\n<div class=\"flex max-w-full flex-col grow\">\n<div class=\"min-h-8 text-message relative flex w-full flex-col items-end gap-2 text-start break-words whitespace-normal [.text-message+&amp;]:mt-1\" dir=\"auto\" data-message-author-role=\"assistant\" data-message-id=\"4ad92ed6-e45d-4872-bf83-6539ff5ec0fe\" data-message-model-slug=\"gpt-5-1\">\n<div class=\"flex w-full flex-col gap-1 empty:hidden first:pt-[1px]\">\n<div class=\"markdown prose dark:prose-invert w-full break-words light markdown-new-styling\">\n<p data-start=\"122\" data-end=\"375\">Ta\u015f yuvas\u0131 t\u0131rnakl\u0131 \u00f6zel bir g\u00f6vdeyle g\u00fc\u00e7lendirilmi\u015f, yan kollar ise spiral ve kabartma detaylarla tamamlanm\u0131\u015ft\u0131r.<\/p>\n<p data-start=\"377\" data-end=\"694\"><strong data-start=\"377\" data-end=\"392\">Ta\u015f Bilgisi<\/strong><br data-start=\"392\" data-end=\"395\" \/>Zultanit; \u0131\u015f\u0131\u011fa g\u00f6re renk de\u011fi\u015ftiren nadir bir kristaldir. G\u00fcn \u0131\u015f\u0131\u011f\u0131nda \u015feffaf sar\u0131-ye\u015fil tonlardan, i\u00e7 mek\u00e2nda kehribar ve bordo tonlar\u0131na ge\u00e7i\u015f yapar. Duygusal de\u011fi\u015fimle uyumlu \u00e7al\u0131\u015ft\u0131\u011f\u0131na inan\u0131l\u0131r. Leorde se\u00e7kisindeki zultanite ta\u015flar net renk ge\u00e7i\u015fi ve berrakl\u0131k kalitesine g\u00f6re tek tek ayr\u0131l\u0131r.<\/p>\n<p data-start=\"696\" data-end=\"862\"><strong data-start=\"696\" data-end=\"721\">Enerji &amp; \u00c7akra Tan\u0131m\u0131<\/strong><br data-start=\"721\" data-end=\"724\" \/>\u00dc\u00e7\u00fcnc\u00fc g\u00f6z ve sakral \u00e7akra ile uyumludur. Sezgileri g\u00fc\u00e7lendirir, duygusal ak\u0131\u015f\u0131n dengelenmesine yard\u0131mc\u0131 olur. \u0130\u00e7sel fark\u0131ndal\u0131\u011f\u0131 art\u0131r\u0131r.<\/p>\n<p data-start=\"864\" data-end=\"900\"><strong data-start=\"864\" data-end=\"878\">Bur\u00e7 Uyumu<\/strong><br data-start=\"878\" data-end=\"881\" \/>Terazi \u2013 Yay \u2013 Kova<\/p>\n<\/div>\n<\/div>\n<\/div>\n<\/div>\n<\/div>\n<\/div>\n<\/article>\n<div class=\"pointer-events-none h-px w-px\" aria-hidden=\"true\" data-edge=\"true\"><\/div>","protected":false},"excerpt":{"rendered":"<p data-start=\"122\" data-end=\"375\">Merkezinde yedi farkl\u0131 tona d\u00f6n\u00fc\u015fen zultanit ta\u015f\u0131 bulunan, bak\u0131r el i\u015f\u00e7ili\u011fiyle bi\u00e7imlendirilmi\u015f ayarlanabilir bileklik. Ta\u015f yuvas\u0131 t\u0131rnakl\u0131 \u00f6zel bir g\u00f6vdeyle g\u00fc\u00e7lendirilmi\u015f, yan kollar ise spiral ve kabartma detaylarla tamamlanm\u0131\u015ft\u0131r.<\/p>\n<p data-start=\"377\" data-end=\"694\">","protected":false},"featured_media":21799,"comment_status":"open","ping_status":"closed","template":"","meta":[],"product_brand":[],"product_cat":[213],"product_tag":[],"class_list":{"0":"post-21466","1":"product","2":"type-product","3":"status-publish","4":"has-post-thumbnail","6":"product_cat-bileklik","8":"first","9":"instock","10":"sale","11":"shipping-taxable","12":"purchasable","13":"product-type-simple"},"_links":{"self":[{"href":"https:\/\/leorde.com\/tr\/wp-json\/wp\/v2\/product\/21466","targetHints":{"allow":["GET"]}}],"collection":[{"href":"https:\/\/leorde.com\/tr\/wp-json\/wp\/v2\/product"}],"about":[{"href":"https:\/\/leorde.com\/tr\/wp-json\/wp\/v2\/types\/product"}],"replies":[{"embeddable":true,"href":"https:\/\/leorde.com\/tr\/wp-json\/wp\/v2\/comments?post=21466"}],"wp:featuredmedia":[{"embeddable":true,"href":"https:\/\/leorde.com\/tr\/wp-json\/wp\/v2\/media\/21799"}],"wp:attachment":[{"href":"https:\/\/leorde.com\/tr\/wp-json\/wp\/v2\/media?parent=21466"}],"wp:term":[{"taxonomy":"product_brand","embeddable":true,"href":"https:\/\/leorde.com\/tr\/wp-json\/wp\/v2\/product_brand?post=21466"},{"taxonomy":"product_cat","embeddable":true,"href":"https:\/\/leorde.com\/tr\/wp-json\/wp\/v2\/product_cat?post=21466"},{"taxonomy":"product_tag","embeddable":true,"href":"https:\/\/leorde.com\/tr\/wp-json\/wp\/v2\/product_tag?post=21466"}],"curies":[{"name":"wp","href":"https:\/\/api.w.org\/{rel}","templated":true}]}}