{"id":21480,"date":"2025-11-14T12:17:41","date_gmt":"2025-11-14T12:17:41","guid":{"rendered":"https:\/\/leorde.com\/?post_type=product&#038;p=21480"},"modified":"2026-01-29T08:52:31","modified_gmt":"2026-01-29T08:52:31","slug":"waveline-dalga-motifli-bakir-bileklik","status":"publish","type":"product","link":"https:\/\/leorde.com\/tr\/urun\/waveline-dalga-motifli-bakir-bileklik\/","title":{"rendered":"WaveLine \u2014 Dalga Motifli Bak\u0131r Bileklik"},"content":{"rendered":"<p data-start=\"92\" data-end=\"361\">Keskin hatlardan uzak k\u0131vr\u0131ml\u0131 form, bilek \u00fczerinde ak\u0131c\u0131 ve modern bir g\u00f6r\u00fcn\u00fcm olu\u015ftururken bak\u0131r\u0131n s\u0131cak tonuyla dengeli bir kontrast yarat\u0131yor.<\/p>\n<p data-start=\"363\" data-end=\"632\"><strong data-start=\"363\" data-end=\"383\">Tasar\u0131m \u00d6zelli\u011fi<\/strong><br data-start=\"383\" data-end=\"386\" \/>Motifler, y\u00fczeye oyma tekni\u011fiyle uygulanm\u0131\u015ft\u0131r. Bu sayede desen hem derinlik kazan\u0131r hem de uzun s\u00fcreli kullan\u0131mda silinme yapmaz. Minimalist ve ritmik desen yap\u0131s\u0131, modeli g\u00fcnl\u00fck kombinlerden bohem tarza kadar geni\u015f bir kullan\u0131m alan\u0131na ta\u015f\u0131yor.<\/p>\n<p data-start=\"634\" data-end=\"809\"><strong data-start=\"634\" data-end=\"653\">Malzeme Bilgisi<\/strong><br data-start=\"653\" data-end=\"656\" \/>Tamam\u0131 bak\u0131r ala\u015f\u0131md\u0131r.<br data-start=\"679\" data-end=\"682\" \/>Zamanla do\u011fal oksitlenme sonucu vintage bir g\u00f6r\u00fcn\u00fcm al\u0131r.<br data-start=\"739\" data-end=\"742\" \/>Alerji riskini minimuma indirecek \u015fekilde saf bak\u0131rla \u00fcretilmi\u015ftir.<\/p>\n<p data-start=\"811\" data-end=\"832\"><strong data-start=\"811\" data-end=\"823\">Cinsiyet<\/strong><br data-start=\"823\" data-end=\"826\" \/>Unisex<\/p>","protected":false},"excerpt":{"rendered":"<p data-start=\"92\" data-end=\"361\">Bu model, y\u00fczey boyunca i\u015flenen organik dalga \u00e7izgileriyle sade ama karakteri g\u00fc\u00e7l\u00fc bir tasar\u0131m sunuyor. Keskin hatlardan uzak k\u0131vr\u0131ml\u0131 form, bilek \u00fczerinde ak\u0131c\u0131 ve modern bir g\u00f6r\u00fcn\u00fcm olu\u015ftururken bak\u0131r\u0131n s\u0131cak tonuyla dengeli bir kontrast yarat\u0131yor.<\/p>\n<p data-start=\"363\" data-end=\"632\">","protected":false},"featured_media":21786,"comment_status":"open","ping_status":"closed","template":"","meta":[],"product_brand":[],"product_cat":[213],"product_tag":[],"class_list":{"0":"post-21480","1":"product","2":"type-product","3":"status-publish","4":"has-post-thumbnail","6":"product_cat-bileklik","8":"first","9":"instock","10":"sale","11":"shipping-taxable","12":"purchasable","13":"product-type-simple"},"_links":{"self":[{"href":"https:\/\/leorde.com\/tr\/wp-json\/wp\/v2\/product\/21480","targetHints":{"allow":["GET"]}}],"collection":[{"href":"https:\/\/leorde.com\/tr\/wp-json\/wp\/v2\/product"}],"about":[{"href":"https:\/\/leorde.com\/tr\/wp-json\/wp\/v2\/types\/product"}],"replies":[{"embeddable":true,"href":"https:\/\/leorde.com\/tr\/wp-json\/wp\/v2\/comments?post=21480"}],"wp:featuredmedia":[{"embeddable":true,"href":"https:\/\/leorde.com\/tr\/wp-json\/wp\/v2\/media\/21786"}],"wp:attachment":[{"href":"https:\/\/leorde.com\/tr\/wp-json\/wp\/v2\/media?parent=21480"}],"wp:term":[{"taxonomy":"product_brand","embeddable":true,"href":"https:\/\/leorde.com\/tr\/wp-json\/wp\/v2\/product_brand?post=21480"},{"taxonomy":"product_cat","embeddable":true,"href":"https:\/\/leorde.com\/tr\/wp-json\/wp\/v2\/product_cat?post=21480"},{"taxonomy":"product_tag","embeddable":true,"href":"https:\/\/leorde.com\/tr\/wp-json\/wp\/v2\/product_tag?post=21480"}],"curies":[{"name":"wp","href":"https:\/\/api.w.org\/{rel}","templated":true}]}}