{"id":21487,"date":"2025-11-14T17:33:03","date_gmt":"2025-11-14T17:33:03","guid":{"rendered":"https:\/\/leorde.com\/?post_type=product&#038;p=21487"},"modified":"2026-01-15T09:49:21","modified_gmt":"2026-01-15T09:49:21","slug":"21487","status":"publish","type":"product","link":"https:\/\/leorde.com\/tr\/urun\/21487\/","title":{"rendered":"Rolex Green Jade \u2014 Ye\u015fim Ta\u015f\u0131 Bileklik"},"content":{"rendered":"<p data-start=\"88\" data-end=\"495\">Hem zarif hem de karakter sahibi bir par\u00e7a olan bileklik, bilekte ak\u0131c\u0131 bir g\u00f6r\u00fcn\u00fcm olu\u015ftururken do\u011fal ta\u015f\u0131n kendine \u00f6zg\u00fc dokusuyla organik bir \u015f\u0131kl\u0131k kazand\u0131r\u0131yor. Farkl\u0131 ye\u015fim ta\u015flar\u0131 \u00e7e\u015fitleriyle her kullan\u0131mda \u00f6zg\u00fcn bir stil yarat\u0131r.<\/p>\n<p data-start=\"497\" data-end=\"771\"><strong data-start=\"497\" data-end=\"517\">Tasar\u0131m \u00d6zelli\u011fi<\/strong><br data-start=\"517\" data-end=\"520\" \/>Dikd\u00f6rtgen formdaki do\u011fal ye\u015fim ta\u015flar\u0131, bilek hatt\u0131n\u0131 konforlu \u015fekilde saracak bi\u00e7imde dizilmi\u015ftir. Her ta\u015f\u0131n farkl\u0131 damar yap\u0131s\u0131 ve ton ge\u00e7i\u015fi sayesinde her bileklik benzersiz bir g\u00f6r\u00fcn\u00fcme sahiptir. Esnek yap\u0131s\u0131 sayesinde tak\u0131p \u00e7\u0131kar\u0131lmas\u0131 kolayd\u0131r.<\/p>\n<p data-start=\"773\" data-end=\"1016\"><strong data-start=\"773\" data-end=\"792\">Malzeme Bilgisi<\/strong><br data-start=\"792\" data-end=\"795\" \/>Tamam\u0131 do\u011fal ye\u015fim ta\u015f\u0131d\u0131r.<br data-start=\"822\" data-end=\"825\" \/>Y\u00fcksek dayan\u0131ml\u0131 elastik ip kullan\u0131lm\u0131\u015ft\u0131r.<br data-start=\"868\" data-end=\"871\" \/>Her ta\u015f\u0131n rengi ve deseni do\u011fal yap\u0131s\u0131 gere\u011fi farkl\u0131l\u0131k g\u00f6sterebilir.<br data-start=\"940\" data-end=\"943\" \/>So\u011fuk dokulu, a\u011f\u0131r ve kaliteli ta\u015f yap\u0131s\u0131 ile premium segmentte yer al\u0131r.<\/p>\n<p data-start=\"1018\" data-end=\"1039\"><strong data-start=\"1018\" data-end=\"1030\">Cinsiyet<\/strong><br data-start=\"1030\" data-end=\"1033\" \/>Unisex<\/p>","protected":false},"excerpt":{"rendered":"<p data-start=\"88\" data-end=\"495\">Zengin ye\u015fil tonlar\u0131 ve do\u011fal damar desenleriyle dikkat \u00e7eken bu \u00f6zel model, tamamen do\u011fal ye\u015fim ta\u015flar\u0131n\u0131n g\u00fc\u00e7l\u00fc enerjisini modern bir formda sunuyor. Hem zarif hem de karakter sahibi bir par\u00e7a olan bileklik, bilekte ak\u0131c\u0131 bir g\u00f6r\u00fcn\u00fcm olu\u015ftururken do\u011fal ta\u015f\u0131n kendine \u00f6zg\u00fc dokusuyla organik bir \u015f\u0131kl\u0131k kazand\u0131r\u0131yor. Farkl\u0131 ye\u015fim ta\u015flar\u0131 \u00e7e\u015fitleriyle her kullan\u0131mda \u00f6zg\u00fcn bir stil yarat\u0131r.<\/p>\n<p data-start=\"497\" data-end=\"771\">","protected":false},"featured_media":21374,"comment_status":"open","ping_status":"closed","template":"","meta":[],"product_brand":[],"product_cat":[213],"product_tag":[],"class_list":{"0":"post-21487","1":"product","2":"type-product","3":"status-publish","4":"has-post-thumbnail","6":"product_cat-bileklik","8":"first","9":"instock","10":"sale","11":"shipping-taxable","12":"purchasable","13":"product-type-simple"},"_links":{"self":[{"href":"https:\/\/leorde.com\/tr\/wp-json\/wp\/v2\/product\/21487","targetHints":{"allow":["GET"]}}],"collection":[{"href":"https:\/\/leorde.com\/tr\/wp-json\/wp\/v2\/product"}],"about":[{"href":"https:\/\/leorde.com\/tr\/wp-json\/wp\/v2\/types\/product"}],"replies":[{"embeddable":true,"href":"https:\/\/leorde.com\/tr\/wp-json\/wp\/v2\/comments?post=21487"}],"wp:featuredmedia":[{"embeddable":true,"href":"https:\/\/leorde.com\/tr\/wp-json\/wp\/v2\/media\/21374"}],"wp:attachment":[{"href":"https:\/\/leorde.com\/tr\/wp-json\/wp\/v2\/media?parent=21487"}],"wp:term":[{"taxonomy":"product_brand","embeddable":true,"href":"https:\/\/leorde.com\/tr\/wp-json\/wp\/v2\/product_brand?post=21487"},{"taxonomy":"product_cat","embeddable":true,"href":"https:\/\/leorde.com\/tr\/wp-json\/wp\/v2\/product_cat?post=21487"},{"taxonomy":"product_tag","embeddable":true,"href":"https:\/\/leorde.com\/tr\/wp-json\/wp\/v2\/product_tag?post=21487"}],"curies":[{"name":"wp","href":"https:\/\/api.w.org\/{rel}","templated":true}]}}