{"id":21516,"date":"2025-11-14T18:37:30","date_gmt":"2025-11-14T18:37:30","guid":{"rendered":"https:\/\/leorde.com\/?post_type=product&#038;p=21516"},"modified":"2026-01-15T09:28:59","modified_gmt":"2026-01-15T09:28:59","slug":"prinyatlove-sevgi-ask-tasi-dogal-kolye","status":"publish","type":"product","link":"https:\/\/leorde.com\/tr\/urun\/prinyatlove-sevgi-ask-tasi-dogal-kolye\/","title":{"rendered":"PrinyatLove \u2014 Sevgi &amp; A\u015fk Ta\u015f\u0131 Do\u011fal Kolye"},"content":{"rendered":"<p data-start=\"97\" data-end=\"408\">Sevgi, huzur ve duygusal denge sembol\u00fc olan prinyat ta\u015flar\u0131n\u0131n yumu\u015fak ye\u015fil tonlar\u0131; kolyeye do\u011fal, dingin ve zarif bir g\u00f6r\u00fcn\u00fcm kazand\u0131r\u0131r. Her bir ta\u015f\u0131n kendine \u00f6zg\u00fc damar yap\u0131s\u0131, tasar\u0131m\u0131 tekrars\u0131z ve benzersiz k\u0131lar.<\/p>\n<p data-start=\"410\" data-end=\"506\">G\u00fcnl\u00fck kullan\u0131mda sade bir \u015f\u0131kl\u0131k sunarken, anlam y\u00fckl\u00fc bir hediye se\u00e7ene\u011fi olarak da \u00f6ne \u00e7\u0131kar.<\/p>\n<hr data-start=\"508\" data-end=\"511\" \/>\n<p data-start=\"513\" data-end=\"763\"><strong data-start=\"513\" data-end=\"536\">Tasar\u0131m \u00d6zellikleri<\/strong><br data-start=\"536\" data-end=\"539\" \/>\u2022 Dizi boyunca do\u011fal prinyat ta\u015flar\u0131<br data-start=\"575\" data-end=\"578\" \/>\u2022 Her ta\u015f\u0131n kendine \u00f6zg\u00fc lekeli ve damar yap\u0131lar\u0131<br data-start=\"627\" data-end=\"630\" \/>\u2022 Dingin, a\u00e7\u0131k ye\u015filden koyu ye\u015file ge\u00e7i\u015fli renk skalas\u0131<br data-start=\"686\" data-end=\"689\" \/>\u2022 Hafif ve konforlu kullan\u0131m<br data-start=\"717\" data-end=\"720\" \/>\u2022 Minimal metal kapama aparat\u0131 (cilt dostu)<\/p>\n<hr data-start=\"765\" data-end=\"768\" \/>\n<p data-start=\"770\" data-end=\"878\"><strong data-start=\"770\" data-end=\"789\">Malzeme Bilgisi<\/strong><br data-start=\"789\" data-end=\"792\" \/>\u2022 %100 do\u011fal prinyat ta\u015f\u0131<br data-start=\"817\" data-end=\"820\" \/>\u2022 Yuvarlak kesim ta\u015f formu<br data-start=\"846\" data-end=\"849\" \/>\u2022 Metal klipsli zincir kapama<\/p>\n<hr data-start=\"880\" data-end=\"883\" \/>\n<p data-start=\"885\" data-end=\"950\"><strong data-start=\"885\" data-end=\"897\">Cinsiyet<\/strong><br data-start=\"897\" data-end=\"900\" \/>Unisex \u2014 hem kad\u0131n hem erkek kullan\u0131m\u0131na uygundur.<\/p>","protected":false},"excerpt":{"rendered":"<p data-start=\"97\" data-end=\"408\">PrinyatLove, ad\u0131n\u0131 ta\u015f\u0131d\u0131\u011f\u0131 enerjiyi \u00fczerinde ta\u015f\u0131yan \u00f6zel bir modeldir. Sevgi, huzur ve duygusal denge sembol\u00fc olan prinyat ta\u015flar\u0131n\u0131n yumu\u015fak ye\u015fil tonlar\u0131; kolyeye do\u011fal, dingin ve zarif bir g\u00f6r\u00fcn\u00fcm kazand\u0131r\u0131r. Her bir ta\u015f\u0131n kendine \u00f6zg\u00fc damar yap\u0131s\u0131, tasar\u0131m\u0131 tekrars\u0131z ve benzersiz k\u0131lar.<\/p>\n<p data-start=\"410\" data-end=\"506\">","protected":false},"featured_media":21777,"comment_status":"open","ping_status":"closed","template":"","meta":[],"product_brand":[],"product_cat":[212],"product_tag":[],"class_list":{"0":"post-21516","1":"product","2":"type-product","3":"status-publish","4":"has-post-thumbnail","6":"product_cat-kolye","8":"first","9":"instock","10":"sale","11":"shipping-taxable","12":"purchasable","13":"product-type-simple"},"_links":{"self":[{"href":"https:\/\/leorde.com\/tr\/wp-json\/wp\/v2\/product\/21516","targetHints":{"allow":["GET"]}}],"collection":[{"href":"https:\/\/leorde.com\/tr\/wp-json\/wp\/v2\/product"}],"about":[{"href":"https:\/\/leorde.com\/tr\/wp-json\/wp\/v2\/types\/product"}],"replies":[{"embeddable":true,"href":"https:\/\/leorde.com\/tr\/wp-json\/wp\/v2\/comments?post=21516"}],"wp:featuredmedia":[{"embeddable":true,"href":"https:\/\/leorde.com\/tr\/wp-json\/wp\/v2\/media\/21777"}],"wp:attachment":[{"href":"https:\/\/leorde.com\/tr\/wp-json\/wp\/v2\/media?parent=21516"}],"wp:term":[{"taxonomy":"product_brand","embeddable":true,"href":"https:\/\/leorde.com\/tr\/wp-json\/wp\/v2\/product_brand?post=21516"},{"taxonomy":"product_cat","embeddable":true,"href":"https:\/\/leorde.com\/tr\/wp-json\/wp\/v2\/product_cat?post=21516"},{"taxonomy":"product_tag","embeddable":true,"href":"https:\/\/leorde.com\/tr\/wp-json\/wp\/v2\/product_tag?post=21516"}],"curies":[{"name":"wp","href":"https:\/\/api.w.org\/{rel}","templated":true}]}}