{"id":21517,"date":"2025-11-14T18:38:53","date_gmt":"2025-11-14T18:38:53","guid":{"rendered":"https:\/\/leorde.com\/?post_type=product&#038;p=21517"},"modified":"2026-01-15T09:27:38","modified_gmt":"2026-01-15T09:27:38","slug":"garnetlal-faset-kesim-dogal-granat-kolye","status":"publish","type":"product","link":"https:\/\/leorde.com\/tr\/urun\/garnetlal-faset-kesim-dogal-granat-kolye\/","title":{"rendered":"GarnetLal \u2014 Faset Kesim Do\u011fal Granat Kolye"},"content":{"rendered":"<p data-start=\"97\" data-end=\"423\">Granat (lal) ta\u015f\u0131; tutku, canl\u0131l\u0131k, g\u00fc\u00e7 ve kararl\u0131l\u0131\u011f\u0131 temsil eder. Faset kesim yap\u0131s\u0131 sayesinde her bir ta\u015f \u0131\u015f\u0131\u011f\u0131 farkl\u0131 a\u00e7\u0131lardan yakalar ve kolyeye sofistike bir \u0131\u015f\u0131lt\u0131 kazand\u0131r\u0131r.<\/p>\n<p data-start=\"425\" data-end=\"545\">Hem g\u00fcnl\u00fck kullan\u0131mda zarif bir dokunu\u015f isteyenler i\u00e7in hem de \u00f6zel g\u00fcnlerde iddial\u0131 bir tamamlay\u0131c\u0131 olarak kusursuzdur.<\/p>\n<hr data-start=\"547\" data-end=\"550\" \/>\n<p data-start=\"552\" data-end=\"768\"><strong data-start=\"552\" data-end=\"575\">Tasar\u0131m \u00d6zellikleri<\/strong><br data-start=\"575\" data-end=\"578\" \/>\u2022 Y\u00fcksek parlakl\u0131k sa\u011flayan faset kesim granat ta\u015flar\u0131<br data-start=\"632\" data-end=\"635\" \/>\u2022 I\u015f\u0131\u011fa g\u00f6re bordo-koyu k\u0131rm\u0131z\u0131 ge\u00e7i\u015fler<br data-start=\"675\" data-end=\"678\" \/>\u2022 \u0130nce, zarif ta\u015f boyutlar\u0131<br data-start=\"705\" data-end=\"708\" \/>\u2022 Modern &amp; minimal hatlar<br data-start=\"733\" data-end=\"736\" \/>\u2022 Dayan\u0131kl\u0131 metal kapama aparat\u0131<\/p>\n<hr data-start=\"770\" data-end=\"773\" \/>\n<p data-start=\"775\" data-end=\"885\"><strong data-start=\"775\" data-end=\"794\">Malzeme Bilgisi<\/strong><br data-start=\"794\" data-end=\"797\" \/>\u2022 %100 do\u011fal granat (lal) ta\u015f\u0131<br data-start=\"827\" data-end=\"830\" \/>\u2022 Faset kesim y\u00fczey<br data-start=\"849\" data-end=\"852\" \/>\u2022 Korozyona dayan\u0131kl\u0131 metal klips<\/p>\n<hr data-start=\"887\" data-end=\"890\" \/>\n<p data-start=\"892\" data-end=\"963\"><strong data-start=\"892\" data-end=\"904\">Cinsiyet<\/strong><br data-start=\"904\" data-end=\"907\" \/>Unisex \u2014 Hem kad\u0131n hem erkek kullan\u0131c\u0131lar i\u00e7in uygundur.<\/p>","protected":false},"excerpt":{"rendered":"<p data-start=\"97\" data-end=\"423\">GarnetLal, derin bordo tonlar\u0131 ve \u0131\u015f\u0131\u011fa g\u00f6re de\u011fi\u015fen koyu k\u0131rm\u0131z\u0131 par\u0131lt\u0131s\u0131yla g\u00fc\u00e7l\u00fc bir enerji ta\u015f\u0131yan \u00f6zel bir tasar\u0131md\u0131r. Granat (lal) ta\u015f\u0131; tutku, canl\u0131l\u0131k, g\u00fc\u00e7 ve kararl\u0131l\u0131\u011f\u0131 temsil eder. Faset kesim yap\u0131s\u0131 sayesinde her bir ta\u015f \u0131\u015f\u0131\u011f\u0131 farkl\u0131 a\u00e7\u0131lardan yakalar ve kolyeye sofistike bir \u0131\u015f\u0131lt\u0131 kazand\u0131r\u0131r.<\/p>\n<p data-start=\"425\" data-end=\"545\">","protected":false},"featured_media":21776,"comment_status":"open","ping_status":"closed","template":"","meta":[],"product_brand":[],"product_cat":[212],"product_tag":[],"class_list":{"0":"post-21517","1":"product","2":"type-product","3":"status-publish","4":"has-post-thumbnail","6":"product_cat-kolye","8":"first","9":"instock","10":"sale","11":"shipping-taxable","12":"purchasable","13":"product-type-simple"},"_links":{"self":[{"href":"https:\/\/leorde.com\/tr\/wp-json\/wp\/v2\/product\/21517","targetHints":{"allow":["GET"]}}],"collection":[{"href":"https:\/\/leorde.com\/tr\/wp-json\/wp\/v2\/product"}],"about":[{"href":"https:\/\/leorde.com\/tr\/wp-json\/wp\/v2\/types\/product"}],"replies":[{"embeddable":true,"href":"https:\/\/leorde.com\/tr\/wp-json\/wp\/v2\/comments?post=21517"}],"wp:featuredmedia":[{"embeddable":true,"href":"https:\/\/leorde.com\/tr\/wp-json\/wp\/v2\/media\/21776"}],"wp:attachment":[{"href":"https:\/\/leorde.com\/tr\/wp-json\/wp\/v2\/media?parent=21517"}],"wp:term":[{"taxonomy":"product_brand","embeddable":true,"href":"https:\/\/leorde.com\/tr\/wp-json\/wp\/v2\/product_brand?post=21517"},{"taxonomy":"product_cat","embeddable":true,"href":"https:\/\/leorde.com\/tr\/wp-json\/wp\/v2\/product_cat?post=21517"},{"taxonomy":"product_tag","embeddable":true,"href":"https:\/\/leorde.com\/tr\/wp-json\/wp\/v2\/product_tag?post=21517"}],"curies":[{"name":"wp","href":"https:\/\/api.w.org\/{rel}","templated":true}]}}