{"id":21908,"date":"2026-01-31T07:28:04","date_gmt":"2026-01-31T07:28:04","guid":{"rendered":"https:\/\/leorde.com\/?post_type=product&#038;p=21908"},"modified":"2026-01-31T07:28:04","modified_gmt":"2026-01-31T07:28:04","slug":"redcore-kirmizi-akik-tasli-oval-yuzuk","status":"publish","type":"product","link":"https:\/\/leorde.com\/tr\/urun\/redcore-kirmizi-akik-tasli-oval-yuzuk\/","title":{"rendered":"RedCore \u2014 K\u0131rm\u0131z\u0131 Akik Ta\u015fl\u0131 Oval Y\u00fcz\u00fck"},"content":{"rendered":"<p data-start=\"154\" data-end=\"509\">RedCore y\u00fcz\u00fck, merkezinde yer alan canl\u0131 k\u0131rm\u0131z\u0131 akik ta\u015f\u0131yla g\u00fc\u00e7l\u00fc, tutkulu ve dikkat \u00e7ekici bir etki yarat\u0131r. Akik ta\u015f\u0131n\u0131n p\u00fcr\u00fczs\u00fcz y\u00fczeyi ve derin k\u0131rm\u0131z\u0131 tonu, y\u00fcz\u00fc\u011fe net bir karakter kazand\u0131r\u0131rken klasik metal detaylar tasar\u0131m\u0131 dengeler. Zamans\u0131z formu sayesinde hem g\u00fcnl\u00fck kullan\u0131mda hem de \u00f6zel anlarda iddial\u0131 bir tamamlay\u0131c\u0131d\u0131r.<\/p>\n<p data-start=\"511\" data-end=\"730\"><strong data-start=\"511\" data-end=\"534\">Tasar\u0131m \u00d6zellikleri<\/strong><br data-start=\"534\" data-end=\"537\" \/>\u2022 Oval kesim k\u0131rm\u0131z\u0131 akik ta\u015f<br data-start=\"566\" data-end=\"569\" \/>\u2022 Canl\u0131 ve homojen renk da\u011f\u0131l\u0131m\u0131<br data-start=\"601\" data-end=\"604\" \/>\u2022 Ta\u015f\u0131 \u00f6ne \u00e7\u0131karan klasik \u00e7er\u00e7eve formu<br data-start=\"643\" data-end=\"646\" \/>\u2022 Dengeli, rahat kullan\u0131m sa\u011flayan y\u00fcz\u00fck yap\u0131s\u0131<br data-start=\"693\" data-end=\"696\" \/>\u2022 Net, g\u00fc\u00e7l\u00fc ve zamans\u0131z tasar\u0131m<\/p>\n<p data-start=\"732\" data-end=\"820\"><strong data-start=\"732\" data-end=\"751\">Malzeme Bilgisi<\/strong><br data-start=\"751\" data-end=\"754\" \/>\u2022 K\u0131rm\u0131z\u0131 akik do\u011fal ta\u015f<br data-start=\"778\" data-end=\"781\" \/>\u2022 Bronz metal g\u00f6vde<br data-start=\"800\" data-end=\"803\" \/>\u2022 Nikel i\u00e7ermez<\/p>\n<p data-start=\"822\" data-end=\"905\"><strong data-start=\"822\" data-end=\"834\">Cinsiyet<\/strong><br data-start=\"834\" data-end=\"837\" \/>Kad\u0131n \u2014 enerjik, iddial\u0131 ve karakterli tak\u0131lar\u0131 tercih edenler i\u00e7in.<\/p>","protected":false},"excerpt":{"rendered":"<p>RedCore y\u00fcz\u00fck, merkezinde yer alan canl\u0131 k\u0131rm\u0131z\u0131 akik ta\u015f\u0131yla g\u00fc\u00e7l\u00fc, tutkulu ve dikkat \u00e7ekici bir etki yarat\u0131r.<\/p>","protected":false},"featured_media":21845,"comment_status":"open","ping_status":"closed","template":"","meta":[],"product_brand":[],"product_cat":[215],"product_tag":[],"class_list":{"0":"post-21908","1":"product","2":"type-product","3":"status-publish","4":"has-post-thumbnail","6":"product_cat-yuzuk","8":"first","9":"instock","10":"sale","11":"shipping-taxable","12":"purchasable","13":"product-type-simple"},"_links":{"self":[{"href":"https:\/\/leorde.com\/tr\/wp-json\/wp\/v2\/product\/21908","targetHints":{"allow":["GET"]}}],"collection":[{"href":"https:\/\/leorde.com\/tr\/wp-json\/wp\/v2\/product"}],"about":[{"href":"https:\/\/leorde.com\/tr\/wp-json\/wp\/v2\/types\/product"}],"replies":[{"embeddable":true,"href":"https:\/\/leorde.com\/tr\/wp-json\/wp\/v2\/comments?post=21908"}],"wp:featuredmedia":[{"embeddable":true,"href":"https:\/\/leorde.com\/tr\/wp-json\/wp\/v2\/media\/21845"}],"wp:attachment":[{"href":"https:\/\/leorde.com\/tr\/wp-json\/wp\/v2\/media?parent=21908"}],"wp:term":[{"taxonomy":"product_brand","embeddable":true,"href":"https:\/\/leorde.com\/tr\/wp-json\/wp\/v2\/product_brand?post=21908"},{"taxonomy":"product_cat","embeddable":true,"href":"https:\/\/leorde.com\/tr\/wp-json\/wp\/v2\/product_cat?post=21908"},{"taxonomy":"product_tag","embeddable":true,"href":"https:\/\/leorde.com\/tr\/wp-json\/wp\/v2\/product_tag?post=21908"}],"curies":[{"name":"wp","href":"https:\/\/api.w.org\/{rel}","templated":true}]}}